{"id":14559,"date":"2025-12-24T13:06:58","date_gmt":"2025-12-24T13:06:58","guid":{"rendered":"https:\/\/doreytiles.pt\/?post_type=product&#038;p=14559"},"modified":"2025-12-26T19:31:49","modified_gmt":"2025-12-26T19:31:49","slug":"amizade-fabrica-das-devezas-sec-xix","status":"publish","type":"product","link":"https:\/\/doreytiles.pt\/pt-pt\/product\/amizade-fabrica-das-devezas-sec-xix\/","title":{"rendered":"&#8220;Amizade&#8221;, F\u00e1brica das Devezas, s\u00e9c. XIX"},"content":{"rendered":"<p>Per\u00edodo: S\u00e9culo XIX<\/p>\n<pre><\/pre>\n<p>Dimens\u00f5es: 74 cm de altura<\/p>\n<pre><\/pre>\n<p>Est\u00e1tua em faian\u00e7a vidrada, produzida na F\u00e1brica das Devezas na cidade do Porto. Est\u00e1 datada dos meados do s\u00e9culo XIX.<\/p>\n","protected":false},"excerpt":{"rendered":"<p>Per\u00edodo: S\u00e9culo XIX Dimens\u00f5es: 74 cm de altura Est\u00e1tua em faian\u00e7a vidrada, produzida na F\u00e1brica das Devezas na cidade do Porto. Est\u00e1 datada dos meados do s\u00e9culo XIX.<\/p>\n","protected":false},"featured_media":14350,"template":"","meta":{"_acf_changed":false},"product_brand":[],"product_cat":[48,42],"product_tag":[59],"class_list":{"0":"post-14559","1":"product","2":"type-product","3":"status-publish","4":"has-post-thumbnail","6":"product_cat-xix","7":"product_cat-42","8":"product_tag-faianca","10":"first","11":"instock","12":"shipping-taxable","13":"product-type-simple"},"acf":[],"_links":{"self":[{"href":"https:\/\/doreytiles.pt\/pt-pt\/wp-json\/wp\/v2\/product\/14559","targetHints":{"allow":["GET"]}}],"collection":[{"href":"https:\/\/doreytiles.pt\/pt-pt\/wp-json\/wp\/v2\/product"}],"about":[{"href":"https:\/\/doreytiles.pt\/pt-pt\/wp-json\/wp\/v2\/types\/product"}],"wp:featuredmedia":[{"embeddable":true,"href":"https:\/\/doreytiles.pt\/pt-pt\/wp-json\/wp\/v2\/media\/14350"}],"wp:attachment":[{"href":"https:\/\/doreytiles.pt\/pt-pt\/wp-json\/wp\/v2\/media?parent=14559"}],"wp:term":[{"taxonomy":"product_brand","embeddable":true,"href":"https:\/\/doreytiles.pt\/pt-pt\/wp-json\/wp\/v2\/product_brand?post=14559"},{"taxonomy":"product_cat","embeddable":true,"href":"https:\/\/doreytiles.pt\/pt-pt\/wp-json\/wp\/v2\/product_cat?post=14559"},{"taxonomy":"product_tag","embeddable":true,"href":"https:\/\/doreytiles.pt\/pt-pt\/wp-json\/wp\/v2\/product_tag?post=14559"}],"curies":[{"name":"wp","href":"https:\/\/api.w.org\/{rel}","templated":true}]}}