{"id":14611,"date":"2025-12-31T11:16:59","date_gmt":"2025-12-31T11:16:59","guid":{"rendered":"https:\/\/doreytiles.pt\/?post_type=product&#038;p=14611"},"modified":"2026-01-02T10:17:38","modified_gmt":"2026-01-02T10:17:38","slug":"14611","status":"publish","type":"product","link":"https:\/\/doreytiles.pt\/pt-pt\/product\/14611\/","title":{"rendered":"&#8220;Porcia&#8221;, F\u00e1brica do Rato, s\u00e9c. XVIII"},"content":{"rendered":"<p>Per\u00edodo: Finais do s\u00e9culo XVIII<\/p>\n<pre><\/pre>\n<p>Dimens\u00f5es: 60 cm de altura<\/p>\n<pre><\/pre>\n<p>Est\u00e1tua em faian\u00e7a vidrada representativa de Porcia, filha de Cat\u00e3o de \u00datica, e mulher de Marco J\u00fanio conspirador de C\u00e9sar. Produzida na f\u00e1brica do Rato em Lisboa nos finais do s\u00e9culo XVIII.<\/p>\n<pre><\/pre>\n<p>Ver: Cat\u00e1logo Real F\u00e1brica de Lou\u00e7a do rato, p. 255.<\/p>\n","protected":false},"excerpt":{"rendered":"<p>Per\u00edodo: Finais do s\u00e9culo XVIII Dimens\u00f5es: 60 cm de altura Est\u00e1tua em faian\u00e7a vidrada representativa de Porcia, filha de Cat\u00e3o de \u00datica, e mulher de Marco J\u00fanio conspirador de C\u00e9sar. Produzida na f\u00e1brica do Rato em Lisboa nos finais do s\u00e9culo XVIII. Ver: Cat\u00e1logo Real F\u00e1brica de Lou\u00e7a do rato, p. 255.<\/p>\n","protected":false},"featured_media":14376,"template":"","meta":{"_acf_changed":false},"product_brand":[],"product_cat":[42,47],"product_tag":[59],"class_list":{"0":"post-14611","1":"product","2":"type-product","3":"status-publish","4":"has-post-thumbnail","6":"product_cat-42","7":"product_cat-xviii","8":"product_tag-faianca","10":"first","11":"instock","12":"shipping-taxable","13":"product-type-simple"},"acf":[],"_links":{"self":[{"href":"https:\/\/doreytiles.pt\/pt-pt\/wp-json\/wp\/v2\/product\/14611","targetHints":{"allow":["GET"]}}],"collection":[{"href":"https:\/\/doreytiles.pt\/pt-pt\/wp-json\/wp\/v2\/product"}],"about":[{"href":"https:\/\/doreytiles.pt\/pt-pt\/wp-json\/wp\/v2\/types\/product"}],"wp:featuredmedia":[{"embeddable":true,"href":"https:\/\/doreytiles.pt\/pt-pt\/wp-json\/wp\/v2\/media\/14376"}],"wp:attachment":[{"href":"https:\/\/doreytiles.pt\/pt-pt\/wp-json\/wp\/v2\/media?parent=14611"}],"wp:term":[{"taxonomy":"product_brand","embeddable":true,"href":"https:\/\/doreytiles.pt\/pt-pt\/wp-json\/wp\/v2\/product_brand?post=14611"},{"taxonomy":"product_cat","embeddable":true,"href":"https:\/\/doreytiles.pt\/pt-pt\/wp-json\/wp\/v2\/product_cat?post=14611"},{"taxonomy":"product_tag","embeddable":true,"href":"https:\/\/doreytiles.pt\/pt-pt\/wp-json\/wp\/v2\/product_tag?post=14611"}],"curies":[{"name":"wp","href":"https:\/\/api.w.org\/{rel}","templated":true}]}}