{"id":14621,"date":"2025-12-31T15:48:28","date_gmt":"2025-12-31T15:48:28","guid":{"rendered":"https:\/\/doreytiles.pt\/?post_type=product&#038;p=14621"},"modified":"2026-01-02T10:17:28","modified_gmt":"2026-01-02T10:17:28","slug":"virgem-maria-com-menino-jesus-sec-xvii","status":"publish","type":"product","link":"https:\/\/doreytiles.pt\/pt-pt\/product\/virgem-maria-com-menino-jesus-sec-xvii\/","title":{"rendered":"Virgem Maria com Menino Jesus, s\u00e9c. XVII"},"content":{"rendered":"<p>Per\u00edodo: S\u00e9culo XVII<\/p>\n<pre><\/pre>\n<p>Dimens\u00f5es: 126 x 85 cm<\/p>\n<pre><\/pre>\n<p>Painel de azulejos do s\u00e9culo XVII com representa\u00e7\u00e3o da Virgem Maria com o menino Jesus ao colo.<\/p>\n","protected":false},"excerpt":{"rendered":"<p>Per\u00edodo: S\u00e9culo XVII Dimens\u00f5es: 126 x 85 cm Painel de azulejos do s\u00e9culo XVII com representa\u00e7\u00e3o da Virgem Maria com o menino Jesus ao colo.<\/p>\n","protected":false},"featured_media":14380,"template":"","meta":{"_acf_changed":false},"product_brand":[],"product_cat":[35,45,33,46],"product_tag":[38],"class_list":{"0":"post-14621","1":"product","2":"type-product","3":"status-publish","4":"has-post-thumbnail","6":"product_cat-amarelos","7":"product_cat-45","8":"product_cat-azul-e-branco","9":"product_cat-xvii","10":"product_tag-paineis-figurativos","12":"first","13":"instock","14":"shipping-taxable","15":"product-type-simple"},"acf":[],"_links":{"self":[{"href":"https:\/\/doreytiles.pt\/pt-pt\/wp-json\/wp\/v2\/product\/14621","targetHints":{"allow":["GET"]}}],"collection":[{"href":"https:\/\/doreytiles.pt\/pt-pt\/wp-json\/wp\/v2\/product"}],"about":[{"href":"https:\/\/doreytiles.pt\/pt-pt\/wp-json\/wp\/v2\/types\/product"}],"wp:featuredmedia":[{"embeddable":true,"href":"https:\/\/doreytiles.pt\/pt-pt\/wp-json\/wp\/v2\/media\/14380"}],"wp:attachment":[{"href":"https:\/\/doreytiles.pt\/pt-pt\/wp-json\/wp\/v2\/media?parent=14621"}],"wp:term":[{"taxonomy":"product_brand","embeddable":true,"href":"https:\/\/doreytiles.pt\/pt-pt\/wp-json\/wp\/v2\/product_brand?post=14621"},{"taxonomy":"product_cat","embeddable":true,"href":"https:\/\/doreytiles.pt\/pt-pt\/wp-json\/wp\/v2\/product_cat?post=14621"},{"taxonomy":"product_tag","embeddable":true,"href":"https:\/\/doreytiles.pt\/pt-pt\/wp-json\/wp\/v2\/product_tag?post=14621"}],"curies":[{"name":"wp","href":"https:\/\/api.w.org\/{rel}","templated":true}]}}