{"id":14624,"date":"2025-12-31T15:52:51","date_gmt":"2025-12-31T15:52:51","guid":{"rendered":"https:\/\/doreytiles.pt\/?post_type=product&#038;p=14624"},"modified":"2026-01-02T11:55:25","modified_gmt":"2026-01-02T11:55:25","slug":"painel-dos-dragoes-sec-xvii","status":"publish","type":"product","link":"https:\/\/doreytiles.pt\/pt-pt\/product\/painel-dos-dragoes-sec-xvii\/","title":{"rendered":"Painel dos Drag\u00f5es, s\u00e9c. XVII"},"content":{"rendered":"<p>Per\u00edodo: S\u00e9culo XVII<\/p>\n<pre><\/pre>\n<p>Dimens\u00f5es: 28 x 153 cm<\/p>\n<pre><\/pre>\n<p>Composi\u00e7\u00e3o de azulejos do s\u00e9culo XVII com padr\u00e3o de drag\u00f5es.<\/p>\n<p>Poder\u00e3o ser feitas composi\u00e7\u00f5es de outros tamanhos.<\/p>\n","protected":false},"excerpt":{"rendered":"<p>Per\u00edodo: S\u00e9culo XVII Dimens\u00f5es: 28 x 153 cm Composi\u00e7\u00e3o de azulejos do s\u00e9culo XVII com padr\u00e3o de drag\u00f5es. Poder\u00e3o ser feitas composi\u00e7\u00f5es de outros tamanhos.<\/p>\n","protected":false},"featured_media":14390,"template":"","meta":{"_acf_changed":false},"product_brand":[],"product_cat":[35,45,33,46],"product_tag":[37,38],"class_list":{"0":"post-14624","1":"product","2":"type-product","3":"status-publish","4":"has-post-thumbnail","6":"product_cat-amarelos","7":"product_cat-45","8":"product_cat-azul-e-branco","9":"product_cat-xvii","10":"product_tag-azulejo-padrao","11":"product_tag-paineis-figurativos","13":"first","14":"instock","15":"shipping-taxable","16":"product-type-simple"},"acf":[],"_links":{"self":[{"href":"https:\/\/doreytiles.pt\/pt-pt\/wp-json\/wp\/v2\/product\/14624","targetHints":{"allow":["GET"]}}],"collection":[{"href":"https:\/\/doreytiles.pt\/pt-pt\/wp-json\/wp\/v2\/product"}],"about":[{"href":"https:\/\/doreytiles.pt\/pt-pt\/wp-json\/wp\/v2\/types\/product"}],"wp:featuredmedia":[{"embeddable":true,"href":"https:\/\/doreytiles.pt\/pt-pt\/wp-json\/wp\/v2\/media\/14390"}],"wp:attachment":[{"href":"https:\/\/doreytiles.pt\/pt-pt\/wp-json\/wp\/v2\/media?parent=14624"}],"wp:term":[{"taxonomy":"product_brand","embeddable":true,"href":"https:\/\/doreytiles.pt\/pt-pt\/wp-json\/wp\/v2\/product_brand?post=14624"},{"taxonomy":"product_cat","embeddable":true,"href":"https:\/\/doreytiles.pt\/pt-pt\/wp-json\/wp\/v2\/product_cat?post=14624"},{"taxonomy":"product_tag","embeddable":true,"href":"https:\/\/doreytiles.pt\/pt-pt\/wp-json\/wp\/v2\/product_tag?post=14624"}],"curies":[{"name":"wp","href":"https:\/\/api.w.org\/{rel}","templated":true}]}}