{"id":14674,"date":"2026-01-08T14:54:55","date_gmt":"2026-01-08T14:54:55","guid":{"rendered":"https:\/\/doreytiles.pt\/?post_type=product&#038;p=14674"},"modified":"2026-01-09T12:01:24","modified_gmt":"2026-01-09T12:01:24","slug":"par-de-colunas-fabricas-das-devezas-sec-xix","status":"publish","type":"product","link":"https:\/\/doreytiles.pt\/pt-pt\/product\/par-de-colunas-fabricas-das-devezas-sec-xix\/","title":{"rendered":"Par de Colunas, F\u00e1bricas das Devezas, s\u00e9c. XIX"},"content":{"rendered":"<p>Per\u00edodo: S\u00e9culo XIX<\/p>\n<pre><\/pre>\n<p>Dimens\u00f5es: 84 cm de altura<\/p>\n<pre><\/pre>\n<p>Par de colunas em faian\u00e7a vidrada, produzidas pela F\u00e1brica das Devezas no Porto na d\u00e9cada de 1850.<\/p>\n","protected":false},"excerpt":{"rendered":"<p>Per\u00edodo: S\u00e9culo XIX Dimens\u00f5es: 84 cm de altura Par de colunas em faian\u00e7a vidrada, produzidas pela F\u00e1brica das Devezas no Porto na d\u00e9cada de 1850.<\/p>\n","protected":false},"featured_media":14394,"template":"","meta":{"_acf_changed":false},"product_brand":[],"product_cat":[48,42],"product_tag":[59],"class_list":{"0":"post-14674","1":"product","2":"type-product","3":"status-publish","4":"has-post-thumbnail","6":"product_cat-xix","7":"product_cat-42","8":"product_tag-faianca","10":"first","11":"instock","12":"shipping-taxable","13":"product-type-simple"},"acf":[],"_links":{"self":[{"href":"https:\/\/doreytiles.pt\/pt-pt\/wp-json\/wp\/v2\/product\/14674","targetHints":{"allow":["GET"]}}],"collection":[{"href":"https:\/\/doreytiles.pt\/pt-pt\/wp-json\/wp\/v2\/product"}],"about":[{"href":"https:\/\/doreytiles.pt\/pt-pt\/wp-json\/wp\/v2\/types\/product"}],"wp:featuredmedia":[{"embeddable":true,"href":"https:\/\/doreytiles.pt\/pt-pt\/wp-json\/wp\/v2\/media\/14394"}],"wp:attachment":[{"href":"https:\/\/doreytiles.pt\/pt-pt\/wp-json\/wp\/v2\/media?parent=14674"}],"wp:term":[{"taxonomy":"product_brand","embeddable":true,"href":"https:\/\/doreytiles.pt\/pt-pt\/wp-json\/wp\/v2\/product_brand?post=14674"},{"taxonomy":"product_cat","embeddable":true,"href":"https:\/\/doreytiles.pt\/pt-pt\/wp-json\/wp\/v2\/product_cat?post=14674"},{"taxonomy":"product_tag","embeddable":true,"href":"https:\/\/doreytiles.pt\/pt-pt\/wp-json\/wp\/v2\/product_tag?post=14674"}],"curies":[{"name":"wp","href":"https:\/\/api.w.org\/{rel}","templated":true}]}}