{"id":14679,"date":"2026-01-08T15:28:57","date_gmt":"2026-01-08T15:28:57","guid":{"rendered":"https:\/\/doreytiles.pt\/?post_type=product&#038;p=14679"},"modified":"2026-01-09T12:00:56","modified_gmt":"2026-01-09T12:00:56","slug":"friso-sec-xix-xx","status":"publish","type":"product","link":"https:\/\/doreytiles.pt\/pt-pt\/product\/friso-sec-xix-xx\/","title":{"rendered":"Friso, s\u00e9c. XIX\/XX"},"content":{"rendered":"<p>Per\u00edodo: Finais do s\u00e9culo XIX, in\u00edcios do XX<\/p>\n<pre><\/pre>\n<p>Dimens\u00f5es: 112 x 14 cm<\/p>\n<pre><\/pre>\n<p>Friso com padr\u00e3o geom\u00e9trico dos finais do s\u00e9culo XIX, in\u00edcios do XX.<\/p>\n","protected":false},"excerpt":{"rendered":"<p>Per\u00edodo: Finais do s\u00e9culo XIX, in\u00edcios do XX Dimens\u00f5es: 112 x 14 cm Friso com padr\u00e3o geom\u00e9trico dos finais do s\u00e9culo XIX, in\u00edcios do XX.<\/p>\n","protected":false},"featured_media":14404,"template":"","meta":{"_acf_changed":false},"product_brand":[],"product_cat":[35,41,34,48,50],"product_tag":[37],"class_list":{"0":"post-14679","1":"product","2":"type-product","3":"status-publish","4":"has-post-thumbnail","6":"product_cat-amarelos","7":"product_cat-41","8":"product_cat-manganes","9":"product_cat-xix","10":"product_cat-xx","11":"product_tag-azulejo-padrao","13":"first","14":"instock","15":"shipping-taxable","16":"product-type-simple"},"acf":[],"_links":{"self":[{"href":"https:\/\/doreytiles.pt\/pt-pt\/wp-json\/wp\/v2\/product\/14679","targetHints":{"allow":["GET"]}}],"collection":[{"href":"https:\/\/doreytiles.pt\/pt-pt\/wp-json\/wp\/v2\/product"}],"about":[{"href":"https:\/\/doreytiles.pt\/pt-pt\/wp-json\/wp\/v2\/types\/product"}],"wp:featuredmedia":[{"embeddable":true,"href":"https:\/\/doreytiles.pt\/pt-pt\/wp-json\/wp\/v2\/media\/14404"}],"wp:attachment":[{"href":"https:\/\/doreytiles.pt\/pt-pt\/wp-json\/wp\/v2\/media?parent=14679"}],"wp:term":[{"taxonomy":"product_brand","embeddable":true,"href":"https:\/\/doreytiles.pt\/pt-pt\/wp-json\/wp\/v2\/product_brand?post=14679"},{"taxonomy":"product_cat","embeddable":true,"href":"https:\/\/doreytiles.pt\/pt-pt\/wp-json\/wp\/v2\/product_cat?post=14679"},{"taxonomy":"product_tag","embeddable":true,"href":"https:\/\/doreytiles.pt\/pt-pt\/wp-json\/wp\/v2\/product_tag?post=14679"}],"curies":[{"name":"wp","href":"https:\/\/api.w.org\/{rel}","templated":true}]}}