{"id":14684,"date":"2026-01-08T16:15:20","date_gmt":"2026-01-08T16:15:20","guid":{"rendered":"https:\/\/doreytiles.pt\/?post_type=product&#038;p=14684"},"modified":"2026-01-09T12:00:30","modified_gmt":"2026-01-09T12:00:30","slug":"sao-jose-com-o-menino-jesus-sec-xviii-xix","status":"publish","type":"product","link":"https:\/\/doreytiles.pt\/pt-pt\/product\/sao-jose-com-o-menino-jesus-sec-xviii-xix\/","title":{"rendered":"S\u00e3o Jos\u00e9 com o menino Jesus, s\u00e9c. XVIII\/XIX"},"content":{"rendered":"<p>Per\u00edodo: Finais do s\u00e9culo XVIII, in\u00edcios do XIX<\/p>\n<pre><\/pre>\n<p>Dimens\u00f5es: 84 x 70 cm<\/p>\n<pre><\/pre>\n<p>Painel de azulejos policromado, dos finais do s\u00e9culo XVIII e in\u00edcios do XIX, com representa\u00e7\u00e3o de S\u00e3o Jos\u00e9 com o menino Jesus.<\/p>\n","protected":false},"excerpt":{"rendered":"<p>Per\u00edodo: Finais do s\u00e9culo XVIII, in\u00edcios do XIX Dimens\u00f5es: 84 x 70 cm Painel de azulejos policromado, dos finais do s\u00e9culo XVIII e in\u00edcios do XIX, com representa\u00e7\u00e3o de S\u00e3o Jos\u00e9 com o menino Jesus.<\/p>\n","protected":false},"featured_media":14410,"template":"","meta":{"_acf_changed":false},"product_brand":[],"product_cat":[35,41,33,34,48,47],"product_tag":[38],"class_list":{"0":"post-14684","1":"product","2":"type-product","3":"status-publish","4":"has-post-thumbnail","6":"product_cat-amarelos","7":"product_cat-41","8":"product_cat-azul-e-branco","9":"product_cat-manganes","10":"product_cat-xix","11":"product_cat-xviii","12":"product_tag-paineis-figurativos","14":"first","15":"instock","16":"shipping-taxable","17":"product-type-simple"},"acf":[],"_links":{"self":[{"href":"https:\/\/doreytiles.pt\/pt-pt\/wp-json\/wp\/v2\/product\/14684","targetHints":{"allow":["GET"]}}],"collection":[{"href":"https:\/\/doreytiles.pt\/pt-pt\/wp-json\/wp\/v2\/product"}],"about":[{"href":"https:\/\/doreytiles.pt\/pt-pt\/wp-json\/wp\/v2\/types\/product"}],"wp:featuredmedia":[{"embeddable":true,"href":"https:\/\/doreytiles.pt\/pt-pt\/wp-json\/wp\/v2\/media\/14410"}],"wp:attachment":[{"href":"https:\/\/doreytiles.pt\/pt-pt\/wp-json\/wp\/v2\/media?parent=14684"}],"wp:term":[{"taxonomy":"product_brand","embeddable":true,"href":"https:\/\/doreytiles.pt\/pt-pt\/wp-json\/wp\/v2\/product_brand?post=14684"},{"taxonomy":"product_cat","embeddable":true,"href":"https:\/\/doreytiles.pt\/pt-pt\/wp-json\/wp\/v2\/product_cat?post=14684"},{"taxonomy":"product_tag","embeddable":true,"href":"https:\/\/doreytiles.pt\/pt-pt\/wp-json\/wp\/v2\/product_tag?post=14684"}],"curies":[{"name":"wp","href":"https:\/\/api.w.org\/{rel}","templated":true}]}}