{"id":14797,"date":"2026-01-15T12:23:07","date_gmt":"2026-01-15T12:23:07","guid":{"rendered":"https:\/\/doreytiles.pt\/?post_type=product&#038;p=14797"},"modified":"2026-01-16T12:11:20","modified_gmt":"2026-01-16T12:11:20","slug":"frontal-de-altar-mariano-sec-xvii","status":"publish","type":"product","link":"https:\/\/doreytiles.pt\/pt-pt\/product\/frontal-de-altar-mariano-sec-xvii\/","title":{"rendered":"Frontal de altar Mariano &#8211; s\u00e9c. XVII"},"content":{"rendered":"<p>\u00c9poca: S\u00e9c. XVII<\/p>\n<pre><\/pre>\n<p>Dimens\u00f5es: 220 x 96 cm<\/p>\n<pre><\/pre>\n<p>Frontal de altar mariano do s\u00e9c. XVII em azulejos policromados, predominantemente em tons de azul e amarelo. Apresenta composi\u00e7\u00e3o sim\u00e9trica com motivos florais e arabescos e criando efeitos ora de seda ora de m\u00e1rmore, t\u00edpicos dos frontais de altar desta \u00e9poca. As imagens centrais apresentam iconografia de car\u00e1cter mariano, associada \u00e0 devo\u00e7\u00e3o da Virgem Maria.<\/p>\n<p data-start=\"756\" data-end=\"1135\">\n","protected":false},"excerpt":{"rendered":"<p>\u00c9poca: S\u00e9c. XVII Dimens\u00f5es: 220 x 96 cm Frontal de altar mariano do s\u00e9c. XVII em azulejos policromados, predominantemente em tons de azul e amarelo. Apresenta composi\u00e7\u00e3o sim\u00e9trica com motivos florais e arabescos e criando efeitos ora de seda ora de m\u00e1rmore, t\u00edpicos dos frontais de altar desta \u00e9poca. As imagens centrais apresentam iconografia de [&hellip;]<\/p>\n","protected":false},"featured_media":14782,"template":"","meta":{"_acf_changed":false},"product_brand":[],"product_cat":[35,45,46],"product_tag":[37,38],"class_list":{"0":"post-14797","1":"product","2":"type-product","3":"status-publish","4":"has-post-thumbnail","6":"product_cat-amarelos","7":"product_cat-45","8":"product_cat-xvii","9":"product_tag-azulejo-padrao","10":"product_tag-paineis-figurativos","12":"first","13":"instock","14":"shipping-taxable","15":"product-type-simple"},"acf":[],"_links":{"self":[{"href":"https:\/\/doreytiles.pt\/pt-pt\/wp-json\/wp\/v2\/product\/14797","targetHints":{"allow":["GET"]}}],"collection":[{"href":"https:\/\/doreytiles.pt\/pt-pt\/wp-json\/wp\/v2\/product"}],"about":[{"href":"https:\/\/doreytiles.pt\/pt-pt\/wp-json\/wp\/v2\/types\/product"}],"wp:featuredmedia":[{"embeddable":true,"href":"https:\/\/doreytiles.pt\/pt-pt\/wp-json\/wp\/v2\/media\/14782"}],"wp:attachment":[{"href":"https:\/\/doreytiles.pt\/pt-pt\/wp-json\/wp\/v2\/media?parent=14797"}],"wp:term":[{"taxonomy":"product_brand","embeddable":true,"href":"https:\/\/doreytiles.pt\/pt-pt\/wp-json\/wp\/v2\/product_brand?post=14797"},{"taxonomy":"product_cat","embeddable":true,"href":"https:\/\/doreytiles.pt\/pt-pt\/wp-json\/wp\/v2\/product_cat?post=14797"},{"taxonomy":"product_tag","embeddable":true,"href":"https:\/\/doreytiles.pt\/pt-pt\/wp-json\/wp\/v2\/product_tag?post=14797"}],"curies":[{"name":"wp","href":"https:\/\/api.w.org\/{rel}","templated":true}]}}