{"id":14798,"date":"2026-01-15T12:37:56","date_gmt":"2026-01-15T12:37:56","guid":{"rendered":"https:\/\/doreytiles.pt\/?post_type=product&#038;p=14798"},"modified":"2026-01-23T17:10:25","modified_gmt":"2026-01-23T17:10:25","slug":"topo-de-altar-sec-xviii","status":"publish","type":"product","link":"https:\/\/doreytiles.pt\/pt-pt\/product\/topo-de-altar-sec-xviii\/","title":{"rendered":"Topo de Painel &#8211; s\u00e9c. XVIII"},"content":{"rendered":"<p>Per\u00edodo: s\u00e9c. XVIII<\/p>\n<pre><\/pre>\n<p>Dimens\u00f5es: 175 x 84 cm<\/p>\n<pre><\/pre>\n<p>Topo de frontal de altar de 1720-1760 composto por azulejos recortados. A composi\u00e7\u00e3o \u00e9 dominada por volutas sim\u00e9tricas, concheados, enrolamentos, ornamenta\u00e7\u00e3o vegetal e elementos florais. Ao centro destaca-se um motivo simb\u00f3lico em azul sobre fundo branco, enquadrado por uma moldura arquitet\u00f3nica pintada em amarelo, mangan\u00eas, azul e verde, cores t\u00edpicas da produ\u00e7\u00e3o setecentista portuguesa. O desenho revela influ\u00eancia da talha dourada e da arquitetura ef\u00e9mera da \u00e9poca, sugerindo aplica\u00e7\u00e3o original como remate superior de painel mural, possivelmente em igreja, pal\u00e1cio ou casa senhorial.<\/p>\n<pre><\/pre>\n<p>&nbsp;<\/p>\n","protected":false},"excerpt":{"rendered":"<p>Per\u00edodo: s\u00e9c. XVIII Dimens\u00f5es: 175 x 84 cm Topo de frontal de altar de 1720-1760 composto por azulejos recortados. A composi\u00e7\u00e3o \u00e9 dominada por volutas sim\u00e9tricas, concheados, enrolamentos, ornamenta\u00e7\u00e3o vegetal e elementos florais. Ao centro destaca-se um motivo simb\u00f3lico em azul sobre fundo branco, enquadrado por uma moldura arquitet\u00f3nica pintada em amarelo, mangan\u00eas, azul e [&hellip;]<\/p>\n","protected":false},"featured_media":14788,"template":"","meta":{"_acf_changed":false},"product_brand":[],"product_cat":[33,41,35,34,47],"product_tag":[38],"class_list":{"0":"post-14798","1":"product","2":"type-product","3":"status-publish","4":"has-post-thumbnail","6":"product_cat-azul-e-branco","7":"product_cat-41","8":"product_cat-amarelos","9":"product_cat-manganes","10":"product_cat-xviii","11":"product_tag-paineis-figurativos","13":"first","14":"instock","15":"shipping-taxable","16":"product-type-simple"},"acf":[],"_links":{"self":[{"href":"https:\/\/doreytiles.pt\/pt-pt\/wp-json\/wp\/v2\/product\/14798","targetHints":{"allow":["GET"]}}],"collection":[{"href":"https:\/\/doreytiles.pt\/pt-pt\/wp-json\/wp\/v2\/product"}],"about":[{"href":"https:\/\/doreytiles.pt\/pt-pt\/wp-json\/wp\/v2\/types\/product"}],"wp:featuredmedia":[{"embeddable":true,"href":"https:\/\/doreytiles.pt\/pt-pt\/wp-json\/wp\/v2\/media\/14788"}],"wp:attachment":[{"href":"https:\/\/doreytiles.pt\/pt-pt\/wp-json\/wp\/v2\/media?parent=14798"}],"wp:term":[{"taxonomy":"product_brand","embeddable":true,"href":"https:\/\/doreytiles.pt\/pt-pt\/wp-json\/wp\/v2\/product_brand?post=14798"},{"taxonomy":"product_cat","embeddable":true,"href":"https:\/\/doreytiles.pt\/pt-pt\/wp-json\/wp\/v2\/product_cat?post=14798"},{"taxonomy":"product_tag","embeddable":true,"href":"https:\/\/doreytiles.pt\/pt-pt\/wp-json\/wp\/v2\/product_tag?post=14798"}],"curies":[{"name":"wp","href":"https:\/\/api.w.org\/{rel}","templated":true}]}}