{"id":14885,"date":"2026-01-23T10:45:29","date_gmt":"2026-01-23T10:45:29","guid":{"rendered":"https:\/\/doreytiles.pt\/?post_type=product&#038;p=14885"},"modified":"2026-01-23T17:04:53","modified_gmt":"2026-01-23T17:04:53","slug":"painel-fonte-seculo-xviii","status":"publish","type":"product","link":"https:\/\/doreytiles.pt\/pt-pt\/product\/painel-fonte-seculo-xviii\/","title":{"rendered":"Painel Fonte &#8211; s\u00e9culo XVIII"},"content":{"rendered":"<p>Per\u00edodo: s\u00e9c. XVIII<\/p>\n<pre><\/pre>\n<p>Dimens\u00f5es: 140 x 140 cm<\/p>\n<pre><\/pre>\n<p>Painel de azulejos em azul e branco com representa\u00e7\u00e3o de uma fonte num jardim.<\/p>\n","protected":false},"excerpt":{"rendered":"<p>Per\u00edodo: s\u00e9c. XVIII Dimens\u00f5es: 140 x 140 cm Painel de azulejos em azul e branco com representa\u00e7\u00e3o de uma fonte num jardim.<\/p>\n","protected":false},"featured_media":14504,"template":"","meta":{"_acf_changed":false},"product_brand":[],"product_cat":[41,33,47],"product_tag":[38],"class_list":{"0":"post-14885","1":"product","2":"type-product","3":"status-publish","4":"has-post-thumbnail","6":"product_cat-41","7":"product_cat-azul-e-branco","8":"product_cat-xviii","9":"product_tag-paineis-figurativos","11":"first","12":"instock","13":"shipping-taxable","14":"product-type-simple"},"acf":[],"_links":{"self":[{"href":"https:\/\/doreytiles.pt\/pt-pt\/wp-json\/wp\/v2\/product\/14885","targetHints":{"allow":["GET"]}}],"collection":[{"href":"https:\/\/doreytiles.pt\/pt-pt\/wp-json\/wp\/v2\/product"}],"about":[{"href":"https:\/\/doreytiles.pt\/pt-pt\/wp-json\/wp\/v2\/types\/product"}],"wp:featuredmedia":[{"embeddable":true,"href":"https:\/\/doreytiles.pt\/pt-pt\/wp-json\/wp\/v2\/media\/14504"}],"wp:attachment":[{"href":"https:\/\/doreytiles.pt\/pt-pt\/wp-json\/wp\/v2\/media?parent=14885"}],"wp:term":[{"taxonomy":"product_brand","embeddable":true,"href":"https:\/\/doreytiles.pt\/pt-pt\/wp-json\/wp\/v2\/product_brand?post=14885"},{"taxonomy":"product_cat","embeddable":true,"href":"https:\/\/doreytiles.pt\/pt-pt\/wp-json\/wp\/v2\/product_cat?post=14885"},{"taxonomy":"product_tag","embeddable":true,"href":"https:\/\/doreytiles.pt\/pt-pt\/wp-json\/wp\/v2\/product_tag?post=14885"}],"curies":[{"name":"wp","href":"https:\/\/api.w.org\/{rel}","templated":true}]}}