{"id":14886,"date":"2026-01-23T10:49:38","date_gmt":"2026-01-23T10:49:38","guid":{"rendered":"https:\/\/doreytiles.pt\/?post_type=product&#038;p=14886"},"modified":"2026-01-23T17:05:13","modified_gmt":"2026-01-23T17:05:13","slug":"painel-figuras-femininas-sec-xviii","status":"publish","type":"product","link":"https:\/\/doreytiles.pt\/pt-pt\/product\/painel-figuras-femininas-sec-xviii\/","title":{"rendered":"Painel figuras femininas &#8211; s\u00e9c. XVIII"},"content":{"rendered":"<p>Per\u00edodo: s\u00e9c. XVIII<\/p>\n<p>&nbsp;<\/p>\n<p>Dimens\u00f5es: 104 x 84 cm<\/p>\n<pre><\/pre>\n<p>Painel de azulejos policromos com duas figuras femininas sim\u00e9tricas, segurando cestos de flores. A composi\u00e7\u00e3o decorativa combina elementos florais e arquitet\u00f3nicos.<\/p>\n","protected":false},"excerpt":{"rendered":"<p>Per\u00edodo: s\u00e9c. XVIII &nbsp; Dimens\u00f5es: 104 x 84 cm Painel de azulejos policromos com duas figuras femininas sim\u00e9tricas, segurando cestos de flores. A composi\u00e7\u00e3o decorativa combina elementos florais e arquitet\u00f3nicos.<\/p>\n","protected":false},"featured_media":14456,"template":"","meta":{"_acf_changed":false},"product_brand":[],"product_cat":[35,41,33,34,47],"product_tag":[38],"class_list":{"0":"post-14886","1":"product","2":"type-product","3":"status-publish","4":"has-post-thumbnail","6":"product_cat-amarelos","7":"product_cat-41","8":"product_cat-azul-e-branco","9":"product_cat-manganes","10":"product_cat-xviii","11":"product_tag-paineis-figurativos","13":"first","14":"instock","15":"shipping-taxable","16":"product-type-simple"},"acf":[],"_links":{"self":[{"href":"https:\/\/doreytiles.pt\/pt-pt\/wp-json\/wp\/v2\/product\/14886","targetHints":{"allow":["GET"]}}],"collection":[{"href":"https:\/\/doreytiles.pt\/pt-pt\/wp-json\/wp\/v2\/product"}],"about":[{"href":"https:\/\/doreytiles.pt\/pt-pt\/wp-json\/wp\/v2\/types\/product"}],"wp:featuredmedia":[{"embeddable":true,"href":"https:\/\/doreytiles.pt\/pt-pt\/wp-json\/wp\/v2\/media\/14456"}],"wp:attachment":[{"href":"https:\/\/doreytiles.pt\/pt-pt\/wp-json\/wp\/v2\/media?parent=14886"}],"wp:term":[{"taxonomy":"product_brand","embeddable":true,"href":"https:\/\/doreytiles.pt\/pt-pt\/wp-json\/wp\/v2\/product_brand?post=14886"},{"taxonomy":"product_cat","embeddable":true,"href":"https:\/\/doreytiles.pt\/pt-pt\/wp-json\/wp\/v2\/product_cat?post=14886"},{"taxonomy":"product_tag","embeddable":true,"href":"https:\/\/doreytiles.pt\/pt-pt\/wp-json\/wp\/v2\/product_tag?post=14886"}],"curies":[{"name":"wp","href":"https:\/\/api.w.org\/{rel}","templated":true}]}}