{"id":14888,"date":"2026-01-23T11:07:16","date_gmt":"2026-01-23T11:07:16","guid":{"rendered":"https:\/\/doreytiles.pt\/?post_type=product&#038;p=14888"},"modified":"2026-01-23T17:05:30","modified_gmt":"2026-01-23T17:05:30","slug":"composicao-ave-sec-xviii","status":"publish","type":"product","link":"https:\/\/doreytiles.pt\/pt-pt\/product\/composicao-ave-sec-xviii\/","title":{"rendered":"Composi\u00e7\u00e3o ave &#8211; s\u00e9c. XVIII"},"content":{"rendered":"<p>Per\u00edodo: s\u00e9c. XVIII<\/p>\n<pre><\/pre>\n<p>Dimens\u00f5es: 28 x 42 cm<\/p>\n<pre><\/pre>\n<p>Conjunto de azulejos em azul e branco com representa\u00e7\u00e3o de uma ave pousada sobre elementos ornamentais e motivos florais.<\/p>\n","protected":false},"excerpt":{"rendered":"<p>Per\u00edodo: s\u00e9c. XVIII Dimens\u00f5es: 28 x 42 cm Conjunto de azulejos em azul e branco com representa\u00e7\u00e3o de uma ave pousada sobre elementos ornamentais e motivos florais.<\/p>\n","protected":false},"featured_media":14470,"template":"","meta":{"_acf_changed":false},"product_brand":[],"product_cat":[29,41,33,47],"product_tag":[38],"class_list":{"0":"post-14888","1":"product","2":"type-product","3":"status-publish","4":"has-post-thumbnail","6":"product_cat-cor","7":"product_cat-41","8":"product_cat-azul-e-branco","9":"product_cat-xviii","10":"product_tag-paineis-figurativos","12":"first","13":"instock","14":"shipping-taxable","15":"product-type-simple"},"acf":[],"_links":{"self":[{"href":"https:\/\/doreytiles.pt\/pt-pt\/wp-json\/wp\/v2\/product\/14888","targetHints":{"allow":["GET"]}}],"collection":[{"href":"https:\/\/doreytiles.pt\/pt-pt\/wp-json\/wp\/v2\/product"}],"about":[{"href":"https:\/\/doreytiles.pt\/pt-pt\/wp-json\/wp\/v2\/types\/product"}],"wp:featuredmedia":[{"embeddable":true,"href":"https:\/\/doreytiles.pt\/pt-pt\/wp-json\/wp\/v2\/media\/14470"}],"wp:attachment":[{"href":"https:\/\/doreytiles.pt\/pt-pt\/wp-json\/wp\/v2\/media?parent=14888"}],"wp:term":[{"taxonomy":"product_brand","embeddable":true,"href":"https:\/\/doreytiles.pt\/pt-pt\/wp-json\/wp\/v2\/product_brand?post=14888"},{"taxonomy":"product_cat","embeddable":true,"href":"https:\/\/doreytiles.pt\/pt-pt\/wp-json\/wp\/v2\/product_cat?post=14888"},{"taxonomy":"product_tag","embeddable":true,"href":"https:\/\/doreytiles.pt\/pt-pt\/wp-json\/wp\/v2\/product_tag?post=14888"}],"curies":[{"name":"wp","href":"https:\/\/api.w.org\/{rel}","templated":true}]}}