{"id":14889,"date":"2026-01-23T11:17:29","date_gmt":"2026-01-23T11:17:29","guid":{"rendered":"https:\/\/doreytiles.pt\/?post_type=product&#038;p=14889"},"modified":"2026-01-23T17:42:43","modified_gmt":"2026-01-23T17:42:43","slug":"painel-pieta-com-virgem-maria-seculo-xvii","status":"publish","type":"product","link":"https:\/\/doreytiles.pt\/pt-pt\/product\/painel-pieta-com-virgem-maria-seculo-xvii\/","title":{"rendered":"Painel Piet\u00e1 com Virgem Maria &#8211; s\u00e9culo XVII"},"content":{"rendered":"<p>Per\u00edodo: s\u00e9c. XVII<\/p>\n<pre><\/pre>\n<p>Dimens\u00f5es: 124 x 84 cm<\/p>\n<pre><\/pre>\n<p>Painel de azulejos policromos com representa\u00e7\u00e3o religiosa da Piet\u00e1 &#8211; Virgem Maria a segurar o corpo de Cristo. A cena \u00e9 enquadrada por uma moldura decorativa e marcada por forte carga simb\u00f3lica e devocional, t\u00edpica da azulejaria sacra.<\/p>\n","protected":false},"excerpt":{"rendered":"<p>Per\u00edodo: s\u00e9c. XVII Dimens\u00f5es: 124 x 84 cm Painel de azulejos policromos com representa\u00e7\u00e3o religiosa da Piet\u00e1 &#8211; Virgem Maria a segurar o corpo de Cristo. A cena \u00e9 enquadrada por uma moldura decorativa e marcada por forte carga simb\u00f3lica e devocional, t\u00edpica da azulejaria sacra.<\/p>\n","protected":false},"featured_media":14432,"template":"","meta":{"_acf_changed":false},"product_brand":[],"product_cat":[35,45,33,34,46],"product_tag":[38],"class_list":{"0":"post-14889","1":"product","2":"type-product","3":"status-publish","4":"has-post-thumbnail","6":"product_cat-amarelos","7":"product_cat-45","8":"product_cat-azul-e-branco","9":"product_cat-manganes","10":"product_cat-xvii","11":"product_tag-paineis-figurativos","13":"first","14":"instock","15":"shipping-taxable","16":"product-type-simple"},"acf":[],"_links":{"self":[{"href":"https:\/\/doreytiles.pt\/pt-pt\/wp-json\/wp\/v2\/product\/14889","targetHints":{"allow":["GET"]}}],"collection":[{"href":"https:\/\/doreytiles.pt\/pt-pt\/wp-json\/wp\/v2\/product"}],"about":[{"href":"https:\/\/doreytiles.pt\/pt-pt\/wp-json\/wp\/v2\/types\/product"}],"wp:featuredmedia":[{"embeddable":true,"href":"https:\/\/doreytiles.pt\/pt-pt\/wp-json\/wp\/v2\/media\/14432"}],"wp:attachment":[{"href":"https:\/\/doreytiles.pt\/pt-pt\/wp-json\/wp\/v2\/media?parent=14889"}],"wp:term":[{"taxonomy":"product_brand","embeddable":true,"href":"https:\/\/doreytiles.pt\/pt-pt\/wp-json\/wp\/v2\/product_brand?post=14889"},{"taxonomy":"product_cat","embeddable":true,"href":"https:\/\/doreytiles.pt\/pt-pt\/wp-json\/wp\/v2\/product_cat?post=14889"},{"taxonomy":"product_tag","embeddable":true,"href":"https:\/\/doreytiles.pt\/pt-pt\/wp-json\/wp\/v2\/product_tag?post=14889"}],"curies":[{"name":"wp","href":"https:\/\/api.w.org\/{rel}","templated":true}]}}