{"id":14941,"date":"2026-01-29T11:27:53","date_gmt":"2026-01-29T11:27:53","guid":{"rendered":"https:\/\/doreytiles.pt\/?post_type=product&#038;p=14941"},"modified":"2026-01-30T10:18:11","modified_gmt":"2026-01-30T10:18:11","slug":"painel-dama-com-leque-sec-xviii","status":"publish","type":"product","link":"https:\/\/doreytiles.pt\/pt-pt\/product\/painel-dama-com-leque-sec-xviii\/","title":{"rendered":"Painel Dama com leque &#8211; s\u00e9c. XVIII"},"content":{"rendered":"<p>Per\u00edodo: s\u00e9c. XVIII<\/p>\n<pre><\/pre>\n<p>Dimens\u00f5es:\u00a0 <span class=\"a_GcMg font-feature-liga-off font-feature-clig-off font-feature-calt-off text-decoration-none text-strikethrough-none\">196&#215;154 cm<\/span><\/p>\n<pre><\/pre>\n<p>Painel figurativo em azul e branco, com a representa\u00e7\u00e3o de uma dama trajada, com um leque na m\u00e3o, integrada numa paisagem cl\u00e1ssica. O conjunto apresenta cercadura ornamental de inspira\u00e7\u00e3o tradicional, pr\u00f3pria da azulejaria portuguesa.<\/p>\n","protected":false},"excerpt":{"rendered":"<p>Per\u00edodo: s\u00e9c. XVIII Dimens\u00f5es:\u00a0 196&#215;154 cm Painel figurativo em azul e branco, com a representa\u00e7\u00e3o de uma dama trajada, com um leque na m\u00e3o, integrada numa paisagem cl\u00e1ssica. O conjunto apresenta cercadura ornamental de inspira\u00e7\u00e3o tradicional, pr\u00f3pria da azulejaria portuguesa.<\/p>\n","protected":false},"featured_media":14536,"template":"","meta":{"_acf_changed":false},"product_brand":[],"product_cat":[33,41,47],"product_tag":[38],"class_list":{"0":"post-14941","1":"product","2":"type-product","3":"status-publish","4":"has-post-thumbnail","6":"product_cat-azul-e-branco","7":"product_cat-41","8":"product_cat-xviii","9":"product_tag-paineis-figurativos","11":"first","12":"instock","13":"shipping-taxable","14":"product-type-simple"},"acf":[],"_links":{"self":[{"href":"https:\/\/doreytiles.pt\/pt-pt\/wp-json\/wp\/v2\/product\/14941","targetHints":{"allow":["GET"]}}],"collection":[{"href":"https:\/\/doreytiles.pt\/pt-pt\/wp-json\/wp\/v2\/product"}],"about":[{"href":"https:\/\/doreytiles.pt\/pt-pt\/wp-json\/wp\/v2\/types\/product"}],"wp:featuredmedia":[{"embeddable":true,"href":"https:\/\/doreytiles.pt\/pt-pt\/wp-json\/wp\/v2\/media\/14536"}],"wp:attachment":[{"href":"https:\/\/doreytiles.pt\/pt-pt\/wp-json\/wp\/v2\/media?parent=14941"}],"wp:term":[{"taxonomy":"product_brand","embeddable":true,"href":"https:\/\/doreytiles.pt\/pt-pt\/wp-json\/wp\/v2\/product_brand?post=14941"},{"taxonomy":"product_cat","embeddable":true,"href":"https:\/\/doreytiles.pt\/pt-pt\/wp-json\/wp\/v2\/product_cat?post=14941"},{"taxonomy":"product_tag","embeddable":true,"href":"https:\/\/doreytiles.pt\/pt-pt\/wp-json\/wp\/v2\/product_tag?post=14941"}],"curies":[{"name":"wp","href":"https:\/\/api.w.org\/{rel}","templated":true}]}}