{"id":14943,"date":"2026-01-29T11:37:05","date_gmt":"2026-01-29T11:37:05","guid":{"rendered":"https:\/\/doreytiles.pt\/?post_type=product&#038;p=14943"},"modified":"2026-01-30T10:17:30","modified_gmt":"2026-01-30T10:17:30","slug":"painel-figurativo-com-cena-de-cozinha-sec-xviii","status":"publish","type":"product","link":"https:\/\/doreytiles.pt\/pt-pt\/product\/painel-figurativo-com-cena-de-cozinha-sec-xviii\/","title":{"rendered":"Painel figurativo com cena de cozinha &#8211; s\u00e9c. XVIII"},"content":{"rendered":"<p>Per\u00edodo: s\u00e9c. XVIII<\/p>\n<pre><\/pre>\n<p>Dimens\u00f5es: <span class=\"a_GcMg font-feature-liga-off font-feature-clig-off font-feature-calt-off text-decoration-none text-strikethrough-none\">160 x 115 cm<\/span><\/p>\n<pre><\/pre>\n<p>Painel figurativo com a representa\u00e7\u00e3o de figuras em atividade numa cozinha tradicional. A composi\u00e7\u00e3o \u00e9 enquadrada por cercadura decorativa policromada, de gosto barroco, caracter\u00edstica da azulejaria portuguesa.<\/p>\n","protected":false},"excerpt":{"rendered":"<p>Per\u00edodo: s\u00e9c. XVIII Dimens\u00f5es: 160 x 115 cm Painel figurativo com a representa\u00e7\u00e3o de figuras em atividade numa cozinha tradicional. A composi\u00e7\u00e3o \u00e9 enquadrada por cercadura decorativa policromada, de gosto barroco, caracter\u00edstica da azulejaria portuguesa.<\/p>\n","protected":false},"featured_media":14518,"template":"","meta":{"_acf_changed":false},"product_brand":[],"product_cat":[35,41,33,34,47],"product_tag":[38],"class_list":{"0":"post-14943","1":"product","2":"type-product","3":"status-publish","4":"has-post-thumbnail","6":"product_cat-amarelos","7":"product_cat-41","8":"product_cat-azul-e-branco","9":"product_cat-manganes","10":"product_cat-xviii","11":"product_tag-paineis-figurativos","13":"first","14":"instock","15":"shipping-taxable","16":"product-type-simple"},"acf":[],"_links":{"self":[{"href":"https:\/\/doreytiles.pt\/pt-pt\/wp-json\/wp\/v2\/product\/14943","targetHints":{"allow":["GET"]}}],"collection":[{"href":"https:\/\/doreytiles.pt\/pt-pt\/wp-json\/wp\/v2\/product"}],"about":[{"href":"https:\/\/doreytiles.pt\/pt-pt\/wp-json\/wp\/v2\/types\/product"}],"wp:featuredmedia":[{"embeddable":true,"href":"https:\/\/doreytiles.pt\/pt-pt\/wp-json\/wp\/v2\/media\/14518"}],"wp:attachment":[{"href":"https:\/\/doreytiles.pt\/pt-pt\/wp-json\/wp\/v2\/media?parent=14943"}],"wp:term":[{"taxonomy":"product_brand","embeddable":true,"href":"https:\/\/doreytiles.pt\/pt-pt\/wp-json\/wp\/v2\/product_brand?post=14943"},{"taxonomy":"product_cat","embeddable":true,"href":"https:\/\/doreytiles.pt\/pt-pt\/wp-json\/wp\/v2\/product_cat?post=14943"},{"taxonomy":"product_tag","embeddable":true,"href":"https:\/\/doreytiles.pt\/pt-pt\/wp-json\/wp\/v2\/product_tag?post=14943"}],"curies":[{"name":"wp","href":"https:\/\/api.w.org\/{rel}","templated":true}]}}