{"id":14945,"date":"2026-01-29T11:56:30","date_gmt":"2026-01-29T11:56:30","guid":{"rendered":"https:\/\/doreytiles.pt\/?post_type=product&#038;p=14945"},"modified":"2026-01-30T13:11:27","modified_gmt":"2026-01-30T13:11:27","slug":"composicao-de-azulejos-sec-xvii","status":"publish","type":"product","link":"https:\/\/doreytiles.pt\/pt-pt\/product\/composicao-de-azulejos-sec-xvii\/","title":{"rendered":"Composi\u00e7\u00e3o de azulejos &#8211; s\u00e9c. XVII"},"content":{"rendered":"<p>Per\u00edodo: XVII<\/p>\n<pre><\/pre>\n<p>Dimens\u00f5es: 24,5 x 24,5cm<\/p>\n<pre><\/pre>\n<p>Composi\u00e7\u00f5es de azulejos, com elemento central vidrado, do s\u00e9culo XVII, enquadrado por azulejos enxaquetados da mesma \u00e9poca, em tons de verde e laranja.<\/p>\n","protected":false},"excerpt":{"rendered":"<p>Per\u00edodo: XVII Dimens\u00f5es: 24,5 x 24,5cm Composi\u00e7\u00f5es de azulejos, com elemento central vidrado, do s\u00e9culo XVII, enquadrado por azulejos enxaquetados da mesma \u00e9poca, em tons de verde e laranja.<\/p>\n","protected":false},"featured_media":14500,"template":"","meta":{"_acf_changed":false},"product_brand":[],"product_cat":[46,44],"product_tag":[109],"class_list":{"0":"post-14945","1":"product","2":"type-product","3":"status-publish","4":"has-post-thumbnail","6":"product_cat-xvii","7":"product_cat-44","8":"product_tag-azulejo","10":"first","11":"instock","12":"shipping-taxable","13":"product-type-simple"},"acf":[],"_links":{"self":[{"href":"https:\/\/doreytiles.pt\/pt-pt\/wp-json\/wp\/v2\/product\/14945","targetHints":{"allow":["GET"]}}],"collection":[{"href":"https:\/\/doreytiles.pt\/pt-pt\/wp-json\/wp\/v2\/product"}],"about":[{"href":"https:\/\/doreytiles.pt\/pt-pt\/wp-json\/wp\/v2\/types\/product"}],"wp:featuredmedia":[{"embeddable":true,"href":"https:\/\/doreytiles.pt\/pt-pt\/wp-json\/wp\/v2\/media\/14500"}],"wp:attachment":[{"href":"https:\/\/doreytiles.pt\/pt-pt\/wp-json\/wp\/v2\/media?parent=14945"}],"wp:term":[{"taxonomy":"product_brand","embeddable":true,"href":"https:\/\/doreytiles.pt\/pt-pt\/wp-json\/wp\/v2\/product_brand?post=14945"},{"taxonomy":"product_cat","embeddable":true,"href":"https:\/\/doreytiles.pt\/pt-pt\/wp-json\/wp\/v2\/product_cat?post=14945"},{"taxonomy":"product_tag","embeddable":true,"href":"https:\/\/doreytiles.pt\/pt-pt\/wp-json\/wp\/v2\/product_tag?post=14945"}],"curies":[{"name":"wp","href":"https:\/\/api.w.org\/{rel}","templated":true}]}}