{"id":15051,"date":"2026-02-06T11:20:59","date_gmt":"2026-02-06T11:20:59","guid":{"rendered":"https:\/\/doreytiles.pt\/?post_type=product&#038;p=15051"},"modified":"2026-02-06T12:48:49","modified_gmt":"2026-02-06T12:48:49","slug":"painel-dragoes-sec-xx","status":"publish","type":"product","link":"https:\/\/doreytiles.pt\/pt-pt\/product\/painel-dragoes-sec-xx\/","title":{"rendered":"Painel Anfora com Drag\u00f5es &#8211; s\u00e9c. XVIII \/ XIX"},"content":{"rendered":"<p>Per\u00edodo: s\u00e9c. XVIII\/XIX<\/p>\n<pre><\/pre>\n<p>Dimens\u00f5es: 126 x 70 cm<\/p>\n<pre><\/pre>\n<p>Painel de azulejos do s\u00e9culo XVIII\/XIX com decora\u00e7\u00e3o cl\u00e1ssica: motivo central sim\u00e9trico em tons de amarelo e verde, com \u00e2nfora com drag\u00f5es e elementos vegetais, enquadrado por uma moldura geom\u00e9trica azul.<\/p>\n<p>&nbsp;<\/p>\n","protected":false},"excerpt":{"rendered":"<p>Per\u00edodo: s\u00e9c. XVIII\/XIX Dimens\u00f5es: 126 x 70 cm Painel de azulejos do s\u00e9culo XVIII\/XIX com decora\u00e7\u00e3o cl\u00e1ssica: motivo central sim\u00e9trico em tons de amarelo e verde, com \u00e2nfora com drag\u00f5es e elementos vegetais, enquadrado por uma moldura geom\u00e9trica azul. &nbsp;<\/p>\n","protected":false},"featured_media":14444,"template":"","meta":{"_acf_changed":false},"product_brand":[],"product_cat":[35,41,33,50],"product_tag":[38],"class_list":{"0":"post-15051","1":"product","2":"type-product","3":"status-publish","4":"has-post-thumbnail","6":"product_cat-amarelos","7":"product_cat-41","8":"product_cat-azul-e-branco","9":"product_cat-xx","10":"product_tag-paineis-figurativos","12":"first","13":"instock","14":"shipping-taxable","15":"product-type-simple"},"acf":[],"_links":{"self":[{"href":"https:\/\/doreytiles.pt\/pt-pt\/wp-json\/wp\/v2\/product\/15051","targetHints":{"allow":["GET"]}}],"collection":[{"href":"https:\/\/doreytiles.pt\/pt-pt\/wp-json\/wp\/v2\/product"}],"about":[{"href":"https:\/\/doreytiles.pt\/pt-pt\/wp-json\/wp\/v2\/types\/product"}],"wp:featuredmedia":[{"embeddable":true,"href":"https:\/\/doreytiles.pt\/pt-pt\/wp-json\/wp\/v2\/media\/14444"}],"wp:attachment":[{"href":"https:\/\/doreytiles.pt\/pt-pt\/wp-json\/wp\/v2\/media?parent=15051"}],"wp:term":[{"taxonomy":"product_brand","embeddable":true,"href":"https:\/\/doreytiles.pt\/pt-pt\/wp-json\/wp\/v2\/product_brand?post=15051"},{"taxonomy":"product_cat","embeddable":true,"href":"https:\/\/doreytiles.pt\/pt-pt\/wp-json\/wp\/v2\/product_cat?post=15051"},{"taxonomy":"product_tag","embeddable":true,"href":"https:\/\/doreytiles.pt\/pt-pt\/wp-json\/wp\/v2\/product_tag?post=15051"}],"curies":[{"name":"wp","href":"https:\/\/api.w.org\/{rel}","templated":true}]}}