{"id":1524,"date":"2025-06-06T21:52:53","date_gmt":"2025-06-06T21:52:53","guid":{"rendered":"https:\/\/doreytiles.pt\/?post_type=product&#038;p=1524"},"modified":"2025-07-02T14:42:24","modified_gmt":"2025-07-02T14:42:24","slug":"teste-1-copia","status":"publish","type":"product","link":"https:\/\/doreytiles.pt\/pt-pt\/product\/teste-1-copia\/","title":{"rendered":"Azulejos Figuras Avulsa Animais"},"content":{"rendered":"<p>\u00c9poca: S\u00e9c. XVIII<\/p>\n<pre><\/pre>\n<p>Dimens\u00f5es: Cada azulejo 14 cm x 14 cm<\/p>\n<pre><\/pre>\n<p>Azulejos portugueses do s\u00e9culo XVIII, pintados com figuras zoom\u00f3rficas \u2014 aves e pequenos mam\u00edferos \u2014 pintados em azul sobre fundo branco. Cada azulejo exibe uma composi\u00e7\u00e3o central com elementos florais ou geom\u00e9tricos nos cantos, um estilo azulejar designado de figura avulsa.<\/p>\n","protected":false},"excerpt":{"rendered":"<p>\u00c9poca: S\u00e9c. XVIII Dimens\u00f5es: Cada azulejo 14 cm x 14 cm Azulejos portugueses do s\u00e9culo XVIII, pintados com figuras zoom\u00f3rficas \u2014 aves e pequenos mam\u00edferos \u2014 pintados em azul sobre fundo branco. Cada azulejo exibe uma composi\u00e7\u00e3o central com elementos florais ou geom\u00e9tricos nos cantos, um estilo azulejar designado de figura avulsa.<\/p>\n","protected":false},"featured_media":3446,"template":"","meta":{"_acf_changed":false},"product_brand":[],"product_cat":[45,44,33,47],"product_tag":[62],"class_list":{"0":"post-1524","1":"product","2":"type-product","3":"status-publish","4":"has-post-thumbnail","6":"product_cat-45","7":"product_cat-44","8":"product_cat-azul-e-branco","9":"product_cat-xviii","10":"product_tag-figura_avulsa","12":"first","13":"instock","14":"shipping-taxable","15":"product-type-simple"},"acf":[],"_links":{"self":[{"href":"https:\/\/doreytiles.pt\/pt-pt\/wp-json\/wp\/v2\/product\/1524","targetHints":{"allow":["GET"]}}],"collection":[{"href":"https:\/\/doreytiles.pt\/pt-pt\/wp-json\/wp\/v2\/product"}],"about":[{"href":"https:\/\/doreytiles.pt\/pt-pt\/wp-json\/wp\/v2\/types\/product"}],"wp:featuredmedia":[{"embeddable":true,"href":"https:\/\/doreytiles.pt\/pt-pt\/wp-json\/wp\/v2\/media\/3446"}],"wp:attachment":[{"href":"https:\/\/doreytiles.pt\/pt-pt\/wp-json\/wp\/v2\/media?parent=1524"}],"wp:term":[{"taxonomy":"product_brand","embeddable":true,"href":"https:\/\/doreytiles.pt\/pt-pt\/wp-json\/wp\/v2\/product_brand?post=1524"},{"taxonomy":"product_cat","embeddable":true,"href":"https:\/\/doreytiles.pt\/pt-pt\/wp-json\/wp\/v2\/product_cat?post=1524"},{"taxonomy":"product_tag","embeddable":true,"href":"https:\/\/doreytiles.pt\/pt-pt\/wp-json\/wp\/v2\/product_tag?post=1524"}],"curies":[{"name":"wp","href":"https:\/\/api.w.org\/{rel}","templated":true}]}}