{"id":15251,"date":"2026-03-06T11:04:13","date_gmt":"2026-03-06T11:04:13","guid":{"rendered":"https:\/\/doreytiles.pt\/?post_type=product&#038;p=15251"},"modified":"2026-03-06T12:54:30","modified_gmt":"2026-03-06T12:54:30","slug":"busto-baco-fabrica-do-rato","status":"publish","type":"product","link":"https:\/\/doreytiles.pt\/pt-pt\/product\/busto-baco-fabrica-do-rato\/","title":{"rendered":"Busto Baco &#8211; s\u00e9c. XIX\/XX"},"content":{"rendered":"<p>Per\u00edodo: s\u00e9c. XIX<\/p>\n<pre><\/pre>\n<p>Dimens\u00f5es: 60cm de altura<\/p>\n<pre><\/pre>\n<p>Busto em faian\u00e7a vidrada com a representa\u00e7\u00e3o de Baco, deus romano do vinho e da fertilidade, identificado pela coroa de folhas de videira e cachos de uvas. Produzido\u00a0 em Portugal no s\u00e9culo XIX\/XX.<\/p>\n","protected":false},"excerpt":{"rendered":"<p>Per\u00edodo: s\u00e9c. XIX Dimens\u00f5es: 60cm de altura Busto em faian\u00e7a vidrada com a representa\u00e7\u00e3o de Baco, deus romano do vinho e da fertilidade, identificado pela coroa de folhas de videira e cachos de uvas. Produzido\u00a0 em Portugal no s\u00e9culo XIX\/XX.<\/p>\n","protected":false},"featured_media":15252,"template":"","meta":{"_acf_changed":false},"product_brand":[],"product_cat":[42],"product_tag":[59],"class_list":{"0":"post-15251","1":"product","2":"type-product","3":"status-publish","4":"has-post-thumbnail","6":"product_cat-42","7":"product_tag-faianca","9":"first","10":"instock","11":"shipping-taxable","12":"product-type-simple"},"acf":[],"_links":{"self":[{"href":"https:\/\/doreytiles.pt\/pt-pt\/wp-json\/wp\/v2\/product\/15251","targetHints":{"allow":["GET"]}}],"collection":[{"href":"https:\/\/doreytiles.pt\/pt-pt\/wp-json\/wp\/v2\/product"}],"about":[{"href":"https:\/\/doreytiles.pt\/pt-pt\/wp-json\/wp\/v2\/types\/product"}],"wp:featuredmedia":[{"embeddable":true,"href":"https:\/\/doreytiles.pt\/pt-pt\/wp-json\/wp\/v2\/media\/15252"}],"wp:attachment":[{"href":"https:\/\/doreytiles.pt\/pt-pt\/wp-json\/wp\/v2\/media?parent=15251"}],"wp:term":[{"taxonomy":"product_brand","embeddable":true,"href":"https:\/\/doreytiles.pt\/pt-pt\/wp-json\/wp\/v2\/product_brand?post=15251"},{"taxonomy":"product_cat","embeddable":true,"href":"https:\/\/doreytiles.pt\/pt-pt\/wp-json\/wp\/v2\/product_cat?post=15251"},{"taxonomy":"product_tag","embeddable":true,"href":"https:\/\/doreytiles.pt\/pt-pt\/wp-json\/wp\/v2\/product_tag?post=15251"}],"curies":[{"name":"wp","href":"https:\/\/api.w.org\/{rel}","templated":true}]}}