{"id":1538,"date":"2025-06-08T19:36:23","date_gmt":"2025-06-08T19:36:23","guid":{"rendered":"https:\/\/doreytiles.pt\/?post_type=product&#038;p=1538"},"modified":"2025-07-03T09:15:36","modified_gmt":"2025-07-03T09:15:36","slug":"teste-1-copia-copia","status":"publish","type":"product","link":"https:\/\/doreytiles.pt\/pt-pt\/product\/teste-1-copia-copia\/","title":{"rendered":"Cena Galante com Casal de Nobres, S\u00e9c. XVIII"},"content":{"rendered":"<p>\u00c9poca: S\u00e9c XVIII<\/p>\n<pre><\/pre>\n<p>Dimens\u00f5es:\u00a0 84 cm x 112 cm<\/p>\n<pre><\/pre>\n<p>Painel de azulejos portugu\u00eas do s\u00e9culo XVIII, em azul sobre branco, representando uma cena galante com casal em trajes nobres da \u00e9poca, inserido numa paisagem buc\u00f3lica. A figura feminina aponta ao longe, sugerindo di\u00e1logo ou contempla\u00e7\u00e3o, enquanto o cavalheiro a acompanha com atitude atenta. A cercadura, rica em acantos e palmetas, refor\u00e7a o enquadramento decorativo e o gosto barroco.<\/p>\n<pre><\/pre>\n<p>Pe\u00e7a \u00fanica<\/p>\n<p>&nbsp;<\/p>\n","protected":false},"excerpt":{"rendered":"<p>\u00c9poca: S\u00e9c XVIII Dimens\u00f5es:\u00a0 84 cm x 112 cm Painel de azulejos portugu\u00eas do s\u00e9culo XVIII, em azul sobre branco, representando uma cena galante com casal em trajes nobres da \u00e9poca, inserido numa paisagem buc\u00f3lica. A figura feminina aponta ao longe, sugerindo di\u00e1logo ou contempla\u00e7\u00e3o, enquanto o cavalheiro a acompanha com atitude atenta. A cercadura, [&hellip;]<\/p>\n","protected":false},"featured_media":3444,"template":"","meta":{"_acf_changed":false},"product_brand":[],"product_cat":[41,33,17,47],"product_tag":[38],"class_list":{"0":"post-1538","1":"product","2":"type-product","3":"status-publish","4":"has-post-thumbnail","6":"product_cat-41","7":"product_cat-azul-e-branco","8":"product_cat-uncategorized","9":"product_cat-xviii","10":"product_tag-paineis-figurativos","12":"first","13":"instock","14":"shipping-taxable","15":"product-type-simple"},"acf":[],"_links":{"self":[{"href":"https:\/\/doreytiles.pt\/pt-pt\/wp-json\/wp\/v2\/product\/1538","targetHints":{"allow":["GET"]}}],"collection":[{"href":"https:\/\/doreytiles.pt\/pt-pt\/wp-json\/wp\/v2\/product"}],"about":[{"href":"https:\/\/doreytiles.pt\/pt-pt\/wp-json\/wp\/v2\/types\/product"}],"wp:featuredmedia":[{"embeddable":true,"href":"https:\/\/doreytiles.pt\/pt-pt\/wp-json\/wp\/v2\/media\/3444"}],"wp:attachment":[{"href":"https:\/\/doreytiles.pt\/pt-pt\/wp-json\/wp\/v2\/media?parent=1538"}],"wp:term":[{"taxonomy":"product_brand","embeddable":true,"href":"https:\/\/doreytiles.pt\/pt-pt\/wp-json\/wp\/v2\/product_brand?post=1538"},{"taxonomy":"product_cat","embeddable":true,"href":"https:\/\/doreytiles.pt\/pt-pt\/wp-json\/wp\/v2\/product_cat?post=1538"},{"taxonomy":"product_tag","embeddable":true,"href":"https:\/\/doreytiles.pt\/pt-pt\/wp-json\/wp\/v2\/product_tag?post=1538"}],"curies":[{"name":"wp","href":"https:\/\/api.w.org\/{rel}","templated":true}]}}