{"id":15495,"date":"2026-03-06T11:19:19","date_gmt":"2026-03-06T11:19:19","guid":{"rendered":"https:\/\/doreytiles.pt\/?post_type=product&#038;p=15495"},"modified":"2026-03-06T13:11:27","modified_gmt":"2026-03-06T13:11:27","slug":"composicao-de-azulejos-hispano-mourisco-6-sec-xvi","status":"publish","type":"product","link":"https:\/\/doreytiles.pt\/pt-pt\/product\/composicao-de-azulejos-hispano-mourisco-6-sec-xvi\/","title":{"rendered":"Composi\u00e7\u00e3o de azulejos Hispano-Mourisco (6) &#8211; s\u00e9c. XV\/XVI"},"content":{"rendered":"<p>Per\u00edodo: S\u00e9culos XV\/XVI<\/p>\n<pre><\/pre>\n<p>Dimens\u00f5es: <span class=\"a_GcMg font-feature-liga-off font-feature-clig-off font-feature-calt-off text-decoration-none text-strikethrough-none\">72\u00a0 x 46 <\/span>\u00a0cm<\/p>\n<pre><\/pre>\n<p>Composi\u00e7\u00e3o de azulejos hispano-mouriscos, datado do s\u00e9culo XV \/ XVI, com cercadura de azulejos verdes e castanhos.\u00a0 A composi\u00e7\u00e3o central apresenta um padr\u00e3o de inspira\u00e7\u00e3o geom\u00e9trica, em tons de verde, azul cobalto e mangan\u00eas, t\u00edpicos da produ\u00e7\u00e3o influenciada pela tradi\u00e7\u00e3o \u00e1rabe na Pen\u00ednsula Ib\u00e9rica.<\/p>\n","protected":false},"excerpt":{"rendered":"<p>Per\u00edodo: S\u00e9culos XV\/XVI Dimens\u00f5es: 72\u00a0 x 46 \u00a0cm Composi\u00e7\u00e3o de azulejos hispano-mouriscos, datado do s\u00e9culo XV \/ XVI, com cercadura de azulejos verdes e castanhos.\u00a0 A composi\u00e7\u00e3o central apresenta um padr\u00e3o de inspira\u00e7\u00e3o geom\u00e9trica, em tons de verde, azul cobalto e mangan\u00eas, t\u00edpicos da produ\u00e7\u00e3o influenciada pela tradi\u00e7\u00e3o \u00e1rabe na Pen\u00ednsula Ib\u00e9rica.<\/p>\n","protected":false},"featured_media":15266,"template":"","meta":{"_acf_changed":false},"product_brand":[],"product_cat":[34,44,35,33,49],"product_tag":[56],"class_list":{"0":"post-15495","1":"product","2":"type-product","3":"status-publish","4":"has-post-thumbnail","6":"product_cat-manganes","7":"product_cat-44","8":"product_cat-amarelos","9":"product_cat-azul-e-branco","10":"product_cat-xvi","11":"product_tag-hispano-mourisco","13":"first","14":"instock","15":"shipping-taxable","16":"product-type-simple"},"acf":[],"_links":{"self":[{"href":"https:\/\/doreytiles.pt\/pt-pt\/wp-json\/wp\/v2\/product\/15495","targetHints":{"allow":["GET"]}}],"collection":[{"href":"https:\/\/doreytiles.pt\/pt-pt\/wp-json\/wp\/v2\/product"}],"about":[{"href":"https:\/\/doreytiles.pt\/pt-pt\/wp-json\/wp\/v2\/types\/product"}],"wp:featuredmedia":[{"embeddable":true,"href":"https:\/\/doreytiles.pt\/pt-pt\/wp-json\/wp\/v2\/media\/15266"}],"wp:attachment":[{"href":"https:\/\/doreytiles.pt\/pt-pt\/wp-json\/wp\/v2\/media?parent=15495"}],"wp:term":[{"taxonomy":"product_brand","embeddable":true,"href":"https:\/\/doreytiles.pt\/pt-pt\/wp-json\/wp\/v2\/product_brand?post=15495"},{"taxonomy":"product_cat","embeddable":true,"href":"https:\/\/doreytiles.pt\/pt-pt\/wp-json\/wp\/v2\/product_cat?post=15495"},{"taxonomy":"product_tag","embeddable":true,"href":"https:\/\/doreytiles.pt\/pt-pt\/wp-json\/wp\/v2\/product_tag?post=15495"}],"curies":[{"name":"wp","href":"https:\/\/api.w.org\/{rel}","templated":true}]}}