{"id":15496,"date":"2026-03-06T11:28:54","date_gmt":"2026-03-06T11:28:54","guid":{"rendered":"https:\/\/doreytiles.pt\/?post_type=product&#038;p=15496"},"modified":"2026-03-06T12:51:13","modified_gmt":"2026-03-06T12:51:13","slug":"painel-de-azulejos-com-sao-pedro-em-oracao-sec-xvii","status":"publish","type":"product","link":"https:\/\/doreytiles.pt\/pt-pt\/product\/painel-de-azulejos-com-sao-pedro-em-oracao-sec-xvii\/","title":{"rendered":"Painel de azulejos com S\u00e3o Pedro em ora\u00e7\u00e3o &#8211; s\u00e9c. XVII"},"content":{"rendered":"<p>Per\u00edodo: s\u00e9c. XVII<\/p>\n<pre><\/pre>\n<p>Dimens\u00f5es: <span class=\"a_GcMg font-feature-liga-off font-feature-clig-off font-feature-calt-off text-decoration-none text-strikethrough-none\">77<\/span><span class=\"a_GcMg font-feature-liga-off font-feature-clig-off font-feature-calt-off text-decoration-none text-strikethrough-none\">x54 cm<\/span><\/p>\n<pre><\/pre>\n<p>Painel de azulejos espanh\u00f3is do s\u00e9culo XVII, com a representa\u00e7\u00e3o de S\u00e3o Pedro em atitude de ora\u00e7\u00e3o num cen\u00e1rio paisag\u00edstico. O santo \u00e9 identificado pelas chaves, seu atributo iconogr\u00e1fico tradicional, vis\u00edveis junto a uma \u00e1rvore, enquanto um galo aparece ao lado \u2014 refer\u00eancia \u00e0 nega\u00e7\u00e3o de Cristo por S\u00e3o Pedro e ao canto do galo, epis\u00f3dio narrado nos Evangelhos.<\/p>\n","protected":false},"excerpt":{"rendered":"<p>Per\u00edodo: s\u00e9c. XVII Dimens\u00f5es: 77&#215;54 cm Painel de azulejos espanh\u00f3is do s\u00e9culo XVII, com a representa\u00e7\u00e3o de S\u00e3o Pedro em atitude de ora\u00e7\u00e3o num cen\u00e1rio paisag\u00edstico. O santo \u00e9 identificado pelas chaves, seu atributo iconogr\u00e1fico tradicional, vis\u00edveis junto a uma \u00e1rvore, enquanto um galo aparece ao lado \u2014 refer\u00eancia \u00e0 nega\u00e7\u00e3o de Cristo por S\u00e3o [&hellip;]<\/p>\n","protected":false},"featured_media":15274,"template":"","meta":{"_acf_changed":false},"product_brand":[],"product_cat":[46,45,35,33,34],"product_tag":[38],"class_list":{"0":"post-15496","1":"product","2":"type-product","3":"status-publish","4":"has-post-thumbnail","6":"product_cat-xvii","7":"product_cat-45","8":"product_cat-amarelos","9":"product_cat-azul-e-branco","10":"product_cat-manganes","11":"product_tag-paineis-figurativos","13":"first","14":"instock","15":"shipping-taxable","16":"product-type-simple"},"acf":[],"_links":{"self":[{"href":"https:\/\/doreytiles.pt\/pt-pt\/wp-json\/wp\/v2\/product\/15496","targetHints":{"allow":["GET"]}}],"collection":[{"href":"https:\/\/doreytiles.pt\/pt-pt\/wp-json\/wp\/v2\/product"}],"about":[{"href":"https:\/\/doreytiles.pt\/pt-pt\/wp-json\/wp\/v2\/types\/product"}],"wp:featuredmedia":[{"embeddable":true,"href":"https:\/\/doreytiles.pt\/pt-pt\/wp-json\/wp\/v2\/media\/15274"}],"wp:attachment":[{"href":"https:\/\/doreytiles.pt\/pt-pt\/wp-json\/wp\/v2\/media?parent=15496"}],"wp:term":[{"taxonomy":"product_brand","embeddable":true,"href":"https:\/\/doreytiles.pt\/pt-pt\/wp-json\/wp\/v2\/product_brand?post=15496"},{"taxonomy":"product_cat","embeddable":true,"href":"https:\/\/doreytiles.pt\/pt-pt\/wp-json\/wp\/v2\/product_cat?post=15496"},{"taxonomy":"product_tag","embeddable":true,"href":"https:\/\/doreytiles.pt\/pt-pt\/wp-json\/wp\/v2\/product_tag?post=15496"}],"curies":[{"name":"wp","href":"https:\/\/api.w.org\/{rel}","templated":true}]}}