{"id":15562,"date":"2026-03-13T11:47:46","date_gmt":"2026-03-13T11:47:46","guid":{"rendered":"https:\/\/doreytiles.pt\/?post_type=product&#038;p=15562"},"modified":"2026-03-15T11:04:18","modified_gmt":"2026-03-15T11:04:18","slug":"composicao-de-azulejos-devezas-sec-xix","status":"publish","type":"product","link":"https:\/\/doreytiles.pt\/pt-pt\/product\/composicao-de-azulejos-devezas-sec-xix\/","title":{"rendered":"Composi\u00e7\u00e3o de azulejos Devezas &#8211; s\u00e9c. XIX"},"content":{"rendered":"<p>Per\u00edodo: s\u00e9c. XIX<\/p>\n<p>&nbsp;<\/p>\n<p>Dimens\u00f5es: 48 x 48 cm<\/p>\n<p>&nbsp;<\/p>\n<p>Composi\u00e7\u00e3o de azulejos de fachada da f\u00e1brica Devezas do s\u00e9culo XIX.<\/p>\n","protected":false},"excerpt":{"rendered":"<p>Per\u00edodo: s\u00e9c. XIX &nbsp; Dimens\u00f5es: 48 x 48 cm &nbsp; Composi\u00e7\u00e3o de azulejos de fachada da f\u00e1brica Devezas do s\u00e9culo XIX.<\/p>\n","protected":false},"featured_media":15428,"template":"","meta":{"_acf_changed":false},"product_brand":[],"product_cat":[35,41,33,34,48],"product_tag":[37],"class_list":{"0":"post-15562","1":"product","2":"type-product","3":"status-publish","4":"has-post-thumbnail","6":"product_cat-amarelos","7":"product_cat-41","8":"product_cat-azul-e-branco","9":"product_cat-manganes","10":"product_cat-xix","11":"product_tag-azulejo-padrao","13":"first","14":"instock","15":"shipping-taxable","16":"product-type-simple"},"acf":[],"_links":{"self":[{"href":"https:\/\/doreytiles.pt\/pt-pt\/wp-json\/wp\/v2\/product\/15562","targetHints":{"allow":["GET"]}}],"collection":[{"href":"https:\/\/doreytiles.pt\/pt-pt\/wp-json\/wp\/v2\/product"}],"about":[{"href":"https:\/\/doreytiles.pt\/pt-pt\/wp-json\/wp\/v2\/types\/product"}],"wp:featuredmedia":[{"embeddable":true,"href":"https:\/\/doreytiles.pt\/pt-pt\/wp-json\/wp\/v2\/media\/15428"}],"wp:attachment":[{"href":"https:\/\/doreytiles.pt\/pt-pt\/wp-json\/wp\/v2\/media?parent=15562"}],"wp:term":[{"taxonomy":"product_brand","embeddable":true,"href":"https:\/\/doreytiles.pt\/pt-pt\/wp-json\/wp\/v2\/product_brand?post=15562"},{"taxonomy":"product_cat","embeddable":true,"href":"https:\/\/doreytiles.pt\/pt-pt\/wp-json\/wp\/v2\/product_cat?post=15562"},{"taxonomy":"product_tag","embeddable":true,"href":"https:\/\/doreytiles.pt\/pt-pt\/wp-json\/wp\/v2\/product_tag?post=15562"}],"curies":[{"name":"wp","href":"https:\/\/api.w.org\/{rel}","templated":true}]}}