{"id":15565,"date":"2026-03-13T12:32:32","date_gmt":"2026-03-13T12:32:32","guid":{"rendered":"https:\/\/doreytiles.pt\/?post_type=product&#038;p=15565"},"modified":"2026-03-15T11:02:42","modified_gmt":"2026-03-15T11:02:42","slug":"composicao-de-azulejo-seculo-xvi-xvii","status":"publish","type":"product","link":"https:\/\/doreytiles.pt\/pt-pt\/product\/composicao-de-azulejo-seculo-xvi-xvii\/","title":{"rendered":"Composi\u00e7\u00e3o de azulejo &#8211; s\u00e9culo XVI\/XVII"},"content":{"rendered":"<p>Per\u00edodo: S\u00e9culo XVI e XVII<\/p>\n<pre><\/pre>\n<p>Dimens\u00f5es: 42 x 42 cm<\/p>\n<pre><\/pre>\n<p>Composi\u00e7\u00e3o de azulejos padr\u00e3o do s\u00e9culo XVII cercada por azulejos alicatados s\u00e9culo XVI.<\/p>\n","protected":false},"excerpt":{"rendered":"<p>Per\u00edodo: S\u00e9culo XVI e XVII Dimens\u00f5es: 42 x 42 cm Composi\u00e7\u00e3o de azulejos padr\u00e3o do s\u00e9culo XVII cercada por azulejos alicatados s\u00e9culo XVI.<\/p>\n","protected":false},"featured_media":15390,"template":"","meta":{"_acf_changed":false},"product_brand":[],"product_cat":[33,41,35,34,46],"product_tag":[37,56],"class_list":{"0":"post-15565","1":"product","2":"type-product","3":"status-publish","4":"has-post-thumbnail","6":"product_cat-azul-e-branco","7":"product_cat-41","8":"product_cat-amarelos","9":"product_cat-manganes","10":"product_cat-xvii","11":"product_tag-azulejo-padrao","12":"product_tag-hispano-mourisco","14":"first","15":"instock","16":"shipping-taxable","17":"product-type-simple"},"acf":[],"_links":{"self":[{"href":"https:\/\/doreytiles.pt\/pt-pt\/wp-json\/wp\/v2\/product\/15565","targetHints":{"allow":["GET"]}}],"collection":[{"href":"https:\/\/doreytiles.pt\/pt-pt\/wp-json\/wp\/v2\/product"}],"about":[{"href":"https:\/\/doreytiles.pt\/pt-pt\/wp-json\/wp\/v2\/types\/product"}],"wp:featuredmedia":[{"embeddable":true,"href":"https:\/\/doreytiles.pt\/pt-pt\/wp-json\/wp\/v2\/media\/15390"}],"wp:attachment":[{"href":"https:\/\/doreytiles.pt\/pt-pt\/wp-json\/wp\/v2\/media?parent=15565"}],"wp:term":[{"taxonomy":"product_brand","embeddable":true,"href":"https:\/\/doreytiles.pt\/pt-pt\/wp-json\/wp\/v2\/product_brand?post=15565"},{"taxonomy":"product_cat","embeddable":true,"href":"https:\/\/doreytiles.pt\/pt-pt\/wp-json\/wp\/v2\/product_cat?post=15565"},{"taxonomy":"product_tag","embeddable":true,"href":"https:\/\/doreytiles.pt\/pt-pt\/wp-json\/wp\/v2\/product_tag?post=15565"}],"curies":[{"name":"wp","href":"https:\/\/api.w.org\/{rel}","templated":true}]}}