{"id":15567,"date":"2026-03-13T12:42:48","date_gmt":"2026-03-13T12:42:48","guid":{"rendered":"https:\/\/doreytiles.pt\/?post_type=product&#038;p=15567"},"modified":"2026-03-15T11:01:37","modified_gmt":"2026-03-15T11:01:37","slug":"vasilhas-terracota-vidrado-verde-seculo-xix","status":"publish","type":"product","link":"https:\/\/doreytiles.pt\/pt-pt\/product\/vasilhas-terracota-vidrado-verde-seculo-xix\/","title":{"rendered":"Vasilhas terracota vidrado verde &#8211; s\u00e9culo XIX"},"content":{"rendered":"<p>Per\u00edodo: s\u00e9c. XIX<\/p>\n<pre><\/pre>\n<p>Dimens\u00f5es: entre 12 e 37 cm de altura<\/p>\n<pre><\/pre>\n<p>Conjunto de vasilhas com diferentes tamanhos produzidas em Espanha. Terracota vidrada verde.<\/p>\n","protected":false},"excerpt":{"rendered":"<p>Per\u00edodo: s\u00e9c. XIX Dimens\u00f5es: entre 12 e 37 cm de altura Conjunto de vasilhas com diferentes tamanhos produzidas em Espanha. Terracota vidrada verde.<\/p>\n","protected":false},"featured_media":15370,"template":"","meta":{"_acf_changed":false},"product_brand":[],"product_cat":[48,45],"product_tag":[59],"class_list":{"0":"post-15567","1":"product","2":"type-product","3":"status-publish","4":"has-post-thumbnail","6":"product_cat-xix","7":"product_cat-45","8":"product_tag-faianca","10":"first","11":"instock","12":"shipping-taxable","13":"product-type-simple"},"acf":[],"_links":{"self":[{"href":"https:\/\/doreytiles.pt\/pt-pt\/wp-json\/wp\/v2\/product\/15567","targetHints":{"allow":["GET"]}}],"collection":[{"href":"https:\/\/doreytiles.pt\/pt-pt\/wp-json\/wp\/v2\/product"}],"about":[{"href":"https:\/\/doreytiles.pt\/pt-pt\/wp-json\/wp\/v2\/types\/product"}],"wp:featuredmedia":[{"embeddable":true,"href":"https:\/\/doreytiles.pt\/pt-pt\/wp-json\/wp\/v2\/media\/15370"}],"wp:attachment":[{"href":"https:\/\/doreytiles.pt\/pt-pt\/wp-json\/wp\/v2\/media?parent=15567"}],"wp:term":[{"taxonomy":"product_brand","embeddable":true,"href":"https:\/\/doreytiles.pt\/pt-pt\/wp-json\/wp\/v2\/product_brand?post=15567"},{"taxonomy":"product_cat","embeddable":true,"href":"https:\/\/doreytiles.pt\/pt-pt\/wp-json\/wp\/v2\/product_cat?post=15567"},{"taxonomy":"product_tag","embeddable":true,"href":"https:\/\/doreytiles.pt\/pt-pt\/wp-json\/wp\/v2\/product_tag?post=15567"}],"curies":[{"name":"wp","href":"https:\/\/api.w.org\/{rel}","templated":true}]}}