{"id":15568,"date":"2026-03-13T12:49:16","date_gmt":"2026-03-13T12:49:16","guid":{"rendered":"https:\/\/doreytiles.pt\/?post_type=product&#038;p=15568"},"modified":"2026-03-20T12:54:10","modified_gmt":"2026-03-20T12:54:10","slug":"composicao-placas-de-teto-seculo-xvi","status":"publish","type":"product","link":"https:\/\/doreytiles.pt\/pt-pt\/product\/composicao-placas-de-teto-seculo-xvi\/","title":{"rendered":"Composi\u00e7\u00e3o placas de teto &#8211; s\u00e9culo XVI"},"content":{"rendered":"<p>Per\u00edodo: s\u00e9culo XVI<\/p>\n<pre><\/pre>\n<p>Dimens\u00f5es: 35 x 35 cm<\/p>\n<pre><\/pre>\n<p>Composi\u00e7\u00e3o composta por placas de teto Hispano-mouriscas e azulejos alicatados do s\u00e9culo XV\/XVI.<\/p>\n<p>&nbsp;<\/p>\n","protected":false},"excerpt":{"rendered":"<p>Per\u00edodo: s\u00e9culo XVI Dimens\u00f5es: 35 x 35 cm Composi\u00e7\u00e3o composta por placas de teto Hispano-mouriscas e azulejos alicatados do s\u00e9culo XV\/XVI. &nbsp;<\/p>\n","protected":false},"featured_media":15268,"template":"","meta":{"_acf_changed":false},"product_brand":[],"product_cat":[33,44,49],"product_tag":[56],"class_list":{"0":"post-15568","1":"product","2":"type-product","3":"status-publish","4":"has-post-thumbnail","6":"product_cat-azul-e-branco","7":"product_cat-44","8":"product_cat-xvi","9":"product_tag-hispano-mourisco","11":"first","12":"instock","13":"shipping-taxable","14":"product-type-simple"},"acf":[],"_links":{"self":[{"href":"https:\/\/doreytiles.pt\/pt-pt\/wp-json\/wp\/v2\/product\/15568","targetHints":{"allow":["GET"]}}],"collection":[{"href":"https:\/\/doreytiles.pt\/pt-pt\/wp-json\/wp\/v2\/product"}],"about":[{"href":"https:\/\/doreytiles.pt\/pt-pt\/wp-json\/wp\/v2\/types\/product"}],"wp:featuredmedia":[{"embeddable":true,"href":"https:\/\/doreytiles.pt\/pt-pt\/wp-json\/wp\/v2\/media\/15268"}],"wp:attachment":[{"href":"https:\/\/doreytiles.pt\/pt-pt\/wp-json\/wp\/v2\/media?parent=15568"}],"wp:term":[{"taxonomy":"product_brand","embeddable":true,"href":"https:\/\/doreytiles.pt\/pt-pt\/wp-json\/wp\/v2\/product_brand?post=15568"},{"taxonomy":"product_cat","embeddable":true,"href":"https:\/\/doreytiles.pt\/pt-pt\/wp-json\/wp\/v2\/product_cat?post=15568"},{"taxonomy":"product_tag","embeddable":true,"href":"https:\/\/doreytiles.pt\/pt-pt\/wp-json\/wp\/v2\/product_tag?post=15568"}],"curies":[{"name":"wp","href":"https:\/\/api.w.org\/{rel}","templated":true}]}}