{"id":15569,"date":"2026-03-13T12:58:17","date_gmt":"2026-03-13T12:58:17","guid":{"rendered":"https:\/\/doreytiles.pt\/?post_type=product&#038;p=15569"},"modified":"2026-03-20T12:54:00","modified_gmt":"2026-03-20T12:54:00","slug":"azulejos-figurativos-sec-xvii","status":"publish","type":"product","link":"https:\/\/doreytiles.pt\/pt-pt\/product\/azulejos-figurativos-sec-xvii\/","title":{"rendered":"Azulejos figurativos &#8211; s\u00e9c. XVII"},"content":{"rendered":"<p>Per\u00edodo: S\u00e9c. XVII<\/p>\n<p>&nbsp;<\/p>\n<p>Dimens\u00f5es: 14 x 14 cm<\/p>\n<p>&nbsp;<\/p>\n<p>Parte de pain\u00e9is figurativos do s\u00e9culo XVII.<\/p>\n","protected":false},"excerpt":{"rendered":"<p>Per\u00edodo: S\u00e9c. XVII &nbsp; Dimens\u00f5es: 14 x 14 cm &nbsp; Parte de pain\u00e9is figurativos do s\u00e9culo XVII.<\/p>\n","protected":false},"featured_media":15406,"template":"","meta":{"_acf_changed":false},"product_brand":[],"product_cat":[33,45,35,34,46],"product_tag":[109],"class_list":{"0":"post-15569","1":"product","2":"type-product","3":"status-publish","4":"has-post-thumbnail","6":"product_cat-azul-e-branco","7":"product_cat-45","8":"product_cat-amarelos","9":"product_cat-manganes","10":"product_cat-xvii","11":"product_tag-azulejo","13":"first","14":"instock","15":"shipping-taxable","16":"product-type-simple"},"acf":[],"_links":{"self":[{"href":"https:\/\/doreytiles.pt\/pt-pt\/wp-json\/wp\/v2\/product\/15569","targetHints":{"allow":["GET"]}}],"collection":[{"href":"https:\/\/doreytiles.pt\/pt-pt\/wp-json\/wp\/v2\/product"}],"about":[{"href":"https:\/\/doreytiles.pt\/pt-pt\/wp-json\/wp\/v2\/types\/product"}],"wp:featuredmedia":[{"embeddable":true,"href":"https:\/\/doreytiles.pt\/pt-pt\/wp-json\/wp\/v2\/media\/15406"}],"wp:attachment":[{"href":"https:\/\/doreytiles.pt\/pt-pt\/wp-json\/wp\/v2\/media?parent=15569"}],"wp:term":[{"taxonomy":"product_brand","embeddable":true,"href":"https:\/\/doreytiles.pt\/pt-pt\/wp-json\/wp\/v2\/product_brand?post=15569"},{"taxonomy":"product_cat","embeddable":true,"href":"https:\/\/doreytiles.pt\/pt-pt\/wp-json\/wp\/v2\/product_cat?post=15569"},{"taxonomy":"product_tag","embeddable":true,"href":"https:\/\/doreytiles.pt\/pt-pt\/wp-json\/wp\/v2\/product_tag?post=15569"}],"curies":[{"name":"wp","href":"https:\/\/api.w.org\/{rel}","templated":true}]}}