{"id":15573,"date":"2026-03-13T13:22:13","date_gmt":"2026-03-13T13:22:13","guid":{"rendered":"https:\/\/doreytiles.pt\/?post_type=product&#038;p=15573"},"modified":"2026-03-20T12:52:40","modified_gmt":"2026-03-20T12:52:40","slug":"quadra-bordalo-pinheiro-sec-xix","status":"publish","type":"product","link":"https:\/\/doreytiles.pt\/pt-pt\/product\/quadra-bordalo-pinheiro-sec-xix\/","title":{"rendered":"Quadra Bordalo Pinheiro &#8211; s\u00e9c. XIX"},"content":{"rendered":"<p>Per\u00edodo: S\u00e9c. XIX<\/p>\n<pre><\/pre>\n<p>Dimens\u00f5es: 29 x 29 cm<\/p>\n<pre><\/pre>\n<p>Quadra de azulejos originais de Bordalo Pinheiro das Caldas da Rainha, do s\u00e9culo XIX.<\/p>\n","protected":false},"excerpt":{"rendered":"<p>Per\u00edodo: S\u00e9c. XIX Dimens\u00f5es: 29 x 29 cm Quadra de azulejos originais de Bordalo Pinheiro das Caldas da Rainha, do s\u00e9culo XIX.<\/p>\n","protected":false},"featured_media":15386,"template":"","meta":{"_acf_changed":false},"product_brand":[],"product_cat":[35,45,33,34,48],"product_tag":[57],"class_list":{"0":"post-15573","1":"product","2":"type-product","3":"status-publish","4":"has-post-thumbnail","6":"product_cat-amarelos","7":"product_cat-45","8":"product_cat-azul-e-branco","9":"product_cat-manganes","10":"product_cat-xix","11":"product_tag-caldas-da-rainha","13":"first","14":"instock","15":"shipping-taxable","16":"product-type-simple"},"acf":[],"_links":{"self":[{"href":"https:\/\/doreytiles.pt\/pt-pt\/wp-json\/wp\/v2\/product\/15573","targetHints":{"allow":["GET"]}}],"collection":[{"href":"https:\/\/doreytiles.pt\/pt-pt\/wp-json\/wp\/v2\/product"}],"about":[{"href":"https:\/\/doreytiles.pt\/pt-pt\/wp-json\/wp\/v2\/types\/product"}],"wp:featuredmedia":[{"embeddable":true,"href":"https:\/\/doreytiles.pt\/pt-pt\/wp-json\/wp\/v2\/media\/15386"}],"wp:attachment":[{"href":"https:\/\/doreytiles.pt\/pt-pt\/wp-json\/wp\/v2\/media?parent=15573"}],"wp:term":[{"taxonomy":"product_brand","embeddable":true,"href":"https:\/\/doreytiles.pt\/pt-pt\/wp-json\/wp\/v2\/product_brand?post=15573"},{"taxonomy":"product_cat","embeddable":true,"href":"https:\/\/doreytiles.pt\/pt-pt\/wp-json\/wp\/v2\/product_cat?post=15573"},{"taxonomy":"product_tag","embeddable":true,"href":"https:\/\/doreytiles.pt\/pt-pt\/wp-json\/wp\/v2\/product_tag?post=15573"}],"curies":[{"name":"wp","href":"https:\/\/api.w.org\/{rel}","templated":true}]}}