{"id":15574,"date":"2026-03-13T13:31:28","date_gmt":"2026-03-13T13:31:28","guid":{"rendered":"https:\/\/doreytiles.pt\/?post_type=product&#038;p=15574"},"modified":"2026-03-20T12:51:52","modified_gmt":"2026-03-20T12:51:52","slug":"painel-figurativo-barco-seculo-xviii","status":"publish","type":"product","link":"https:\/\/doreytiles.pt\/pt-pt\/product\/painel-figurativo-barco-seculo-xviii\/","title":{"rendered":"Painel figurativo Barco &#8211; s\u00e9culo XVIII"},"content":{"rendered":"<p>Per\u00edodo: S\u00e9c. XVIII<\/p>\n<pre><\/pre>\n<p>Dimens\u00f5es: 82 x 84 cm<\/p>\n<pre><\/pre>\n<p>Painel figurativo do s\u00e9culo XVIII com a ilustra\u00e7\u00e3o de uma cena paisag\u00edstica junto \u00e0 \u00e1gua, onde se observam barcos e constru\u00e7\u00f5es. A composi\u00e7\u00e3o \u00e9 enquadrada por cercadura decorativa de motivos vegetalistas, t\u00edpica da azulejaria barroca.<\/p>\n","protected":false},"excerpt":{"rendered":"<p>Per\u00edodo: S\u00e9c. XVIII Dimens\u00f5es: 82 x 84 cm Painel figurativo do s\u00e9culo XVIII com a ilustra\u00e7\u00e3o de uma cena paisag\u00edstica junto \u00e0 \u00e1gua, onde se observam barcos e constru\u00e7\u00f5es. A composi\u00e7\u00e3o \u00e9 enquadrada por cercadura decorativa de motivos vegetalistas, t\u00edpica da azulejaria barroca.<\/p>\n","protected":false},"featured_media":15292,"template":"","meta":{"_acf_changed":false},"product_brand":[],"product_cat":[33,41,47],"product_tag":[38],"class_list":{"0":"post-15574","1":"product","2":"type-product","3":"status-publish","4":"has-post-thumbnail","6":"product_cat-azul-e-branco","7":"product_cat-41","8":"product_cat-xviii","9":"product_tag-paineis-figurativos","11":"first","12":"instock","13":"shipping-taxable","14":"product-type-simple"},"acf":[],"_links":{"self":[{"href":"https:\/\/doreytiles.pt\/pt-pt\/wp-json\/wp\/v2\/product\/15574","targetHints":{"allow":["GET"]}}],"collection":[{"href":"https:\/\/doreytiles.pt\/pt-pt\/wp-json\/wp\/v2\/product"}],"about":[{"href":"https:\/\/doreytiles.pt\/pt-pt\/wp-json\/wp\/v2\/types\/product"}],"wp:featuredmedia":[{"embeddable":true,"href":"https:\/\/doreytiles.pt\/pt-pt\/wp-json\/wp\/v2\/media\/15292"}],"wp:attachment":[{"href":"https:\/\/doreytiles.pt\/pt-pt\/wp-json\/wp\/v2\/media?parent=15574"}],"wp:term":[{"taxonomy":"product_brand","embeddable":true,"href":"https:\/\/doreytiles.pt\/pt-pt\/wp-json\/wp\/v2\/product_brand?post=15574"},{"taxonomy":"product_cat","embeddable":true,"href":"https:\/\/doreytiles.pt\/pt-pt\/wp-json\/wp\/v2\/product_cat?post=15574"},{"taxonomy":"product_tag","embeddable":true,"href":"https:\/\/doreytiles.pt\/pt-pt\/wp-json\/wp\/v2\/product_tag?post=15574"}],"curies":[{"name":"wp","href":"https:\/\/api.w.org\/{rel}","templated":true}]}}