{"id":15660,"date":"2026-03-27T11:59:26","date_gmt":"2026-03-27T11:59:26","guid":{"rendered":"https:\/\/doreytiles.pt\/?post_type=product&#038;p=15660"},"modified":"2026-03-27T15:01:51","modified_gmt":"2026-03-27T15:01:51","slug":"painel-monge-sec-xviii","status":"publish","type":"product","link":"https:\/\/doreytiles.pt\/pt-pt\/product\/painel-monge-sec-xviii\/","title":{"rendered":"Painel Monge &#8211; s\u00e9c. XVIII"},"content":{"rendered":"<p>Per\u00edodo: s\u00e9c. XVIII<\/p>\n<pre><\/pre>\n<p>Dimens\u00f5es: <span class=\"a_GcMg font-feature-liga-off font-feature-clig-off font-feature-calt-off text-decoration-none text-strikethrough-none\">84&#215;98<\/span><span class=\"a_GcMg font-feature-liga-off font-feature-clig-off font-feature-calt-off text-decoration-none text-strikethrough-none\">cm<\/span><\/p>\n<pre><\/pre>\n<p>Painel figurativo do s\u00e9culo XVIII, em azul sobre branco, com a representa\u00e7\u00e3o de um monge com bast\u00e3o, inserido numa paisagem natural com elementos arquitet\u00f3nicos.<\/p>\n","protected":false},"excerpt":{"rendered":"<p>Per\u00edodo: s\u00e9c. XVIII Dimens\u00f5es: 84&#215;98cm Painel figurativo do s\u00e9culo XVIII, em azul sobre branco, com a representa\u00e7\u00e3o de um monge com bast\u00e3o, inserido numa paisagem natural com elementos arquitet\u00f3nicos.<\/p>\n","protected":false},"featured_media":15296,"template":"","meta":{"_acf_changed":false},"product_brand":[],"product_cat":[47,41,33],"product_tag":[38],"class_list":{"0":"post-15660","1":"product","2":"type-product","3":"status-publish","4":"has-post-thumbnail","6":"product_cat-xviii","7":"product_cat-41","8":"product_cat-azul-e-branco","9":"product_tag-paineis-figurativos","11":"first","12":"instock","13":"shipping-taxable","14":"product-type-simple"},"acf":[],"_links":{"self":[{"href":"https:\/\/doreytiles.pt\/pt-pt\/wp-json\/wp\/v2\/product\/15660","targetHints":{"allow":["GET"]}}],"collection":[{"href":"https:\/\/doreytiles.pt\/pt-pt\/wp-json\/wp\/v2\/product"}],"about":[{"href":"https:\/\/doreytiles.pt\/pt-pt\/wp-json\/wp\/v2\/types\/product"}],"wp:featuredmedia":[{"embeddable":true,"href":"https:\/\/doreytiles.pt\/pt-pt\/wp-json\/wp\/v2\/media\/15296"}],"wp:attachment":[{"href":"https:\/\/doreytiles.pt\/pt-pt\/wp-json\/wp\/v2\/media?parent=15660"}],"wp:term":[{"taxonomy":"product_brand","embeddable":true,"href":"https:\/\/doreytiles.pt\/pt-pt\/wp-json\/wp\/v2\/product_brand?post=15660"},{"taxonomy":"product_cat","embeddable":true,"href":"https:\/\/doreytiles.pt\/pt-pt\/wp-json\/wp\/v2\/product_cat?post=15660"},{"taxonomy":"product_tag","embeddable":true,"href":"https:\/\/doreytiles.pt\/pt-pt\/wp-json\/wp\/v2\/product_tag?post=15660"}],"curies":[{"name":"wp","href":"https:\/\/api.w.org\/{rel}","templated":true}]}}