{"id":15661,"date":"2026-03-27T12:51:21","date_gmt":"2026-03-27T12:51:21","guid":{"rendered":"https:\/\/doreytiles.pt\/?post_type=product&#038;p=15661"},"modified":"2026-03-27T15:02:02","modified_gmt":"2026-03-27T15:02:02","slug":"painel-padrao-diamante-com-cercadura-sec-xvii","status":"publish","type":"product","link":"https:\/\/doreytiles.pt\/pt-pt\/product\/painel-padrao-diamante-com-cercadura-sec-xvii\/","title":{"rendered":"Painel padr\u00e3o Diamante com cercadura- s\u00e9c. XVII"},"content":{"rendered":"<p>Per\u00edodo: s\u00e9c. XVII<\/p>\n<pre><\/pre>\n<p>Dimens\u00f5es: 83 x 83 cm<\/p>\n<pre><\/pre>\n<p>Painel padr\u00e3o Diamante azul e amarelo do s\u00e9culo XVII com cercadura formado por composi\u00e7\u00e3o geom\u00e9trica repetitiva com elementos vegetalistas estilizados. Este padr\u00e3o \u00e9 caracter\u00edstico da azulejaria seiscentista.<\/p>\n","protected":false},"excerpt":{"rendered":"<p>Per\u00edodo: s\u00e9c. XVII Dimens\u00f5es: 83 x 83 cm Painel padr\u00e3o Diamante azul e amarelo do s\u00e9culo XVII com cercadura formado por composi\u00e7\u00e3o geom\u00e9trica repetitiva com elementos vegetalistas estilizados. Este padr\u00e3o \u00e9 caracter\u00edstico da azulejaria seiscentista.<\/p>\n","protected":false},"featured_media":15286,"template":"","meta":{"_acf_changed":false},"product_brand":[],"product_cat":[41,35,33,46],"product_tag":[37],"class_list":{"0":"post-15661","1":"product","2":"type-product","3":"status-publish","4":"has-post-thumbnail","6":"product_cat-41","7":"product_cat-amarelos","8":"product_cat-azul-e-branco","9":"product_cat-xvii","10":"product_tag-azulejo-padrao","12":"first","13":"instock","14":"shipping-taxable","15":"product-type-simple"},"acf":[],"_links":{"self":[{"href":"https:\/\/doreytiles.pt\/pt-pt\/wp-json\/wp\/v2\/product\/15661","targetHints":{"allow":["GET"]}}],"collection":[{"href":"https:\/\/doreytiles.pt\/pt-pt\/wp-json\/wp\/v2\/product"}],"about":[{"href":"https:\/\/doreytiles.pt\/pt-pt\/wp-json\/wp\/v2\/types\/product"}],"wp:featuredmedia":[{"embeddable":true,"href":"https:\/\/doreytiles.pt\/pt-pt\/wp-json\/wp\/v2\/media\/15286"}],"wp:attachment":[{"href":"https:\/\/doreytiles.pt\/pt-pt\/wp-json\/wp\/v2\/media?parent=15661"}],"wp:term":[{"taxonomy":"product_brand","embeddable":true,"href":"https:\/\/doreytiles.pt\/pt-pt\/wp-json\/wp\/v2\/product_brand?post=15661"},{"taxonomy":"product_cat","embeddable":true,"href":"https:\/\/doreytiles.pt\/pt-pt\/wp-json\/wp\/v2\/product_cat?post=15661"},{"taxonomy":"product_tag","embeddable":true,"href":"https:\/\/doreytiles.pt\/pt-pt\/wp-json\/wp\/v2\/product_tag?post=15661"}],"curies":[{"name":"wp","href":"https:\/\/api.w.org\/{rel}","templated":true}]}}