{"id":15662,"date":"2026-03-27T13:06:13","date_gmt":"2026-03-27T13:06:13","guid":{"rendered":"https:\/\/doreytiles.pt\/?post_type=product&#038;p=15662"},"modified":"2026-03-27T15:02:13","modified_gmt":"2026-03-27T15:02:13","slug":"talha-santa-eufemia-sec-xviii-xix","status":"publish","type":"product","link":"https:\/\/doreytiles.pt\/pt-pt\/product\/talha-santa-eufemia-sec-xviii-xix\/","title":{"rendered":"Talha Santa Eufemia &#8211; s\u00e9c. XVIII\/XIX"},"content":{"rendered":"<p>Per\u00edodo: s\u00e9c. XVIII \/ XIX<\/p>\n<pre><\/pre>\n<p>Dimens\u00f5es: <span class=\"a_GcMg font-feature-liga-off font-feature-clig-off font-feature-calt-off text-decoration-none text-strikethrough-none\">96 x 36 cm<\/span><\/p>\n<pre><\/pre>\n<p>Pintura em madeira com representa\u00e7\u00e3o de Santa Eufemia produzido no final do s\u00e9culo XVIII, in\u00edcios do s\u00e9culo XIX.<\/p>\n","protected":false},"excerpt":{"rendered":"<p>Per\u00edodo: s\u00e9c. XVIII \/ XIX Dimens\u00f5es: 96 x 36 cm Pintura em madeira com representa\u00e7\u00e3o de Santa Eufemia produzido no final do s\u00e9culo XVIII, in\u00edcios do s\u00e9culo XIX.<\/p>\n","protected":false},"featured_media":15320,"template":"","meta":{"_acf_changed":false},"product_brand":[],"product_cat":[35,44,33,34,48],"product_tag":[58],"class_list":{"0":"post-15662","1":"product","2":"type-product","3":"status-publish","4":"has-post-thumbnail","6":"product_cat-amarelos","7":"product_cat-44","8":"product_cat-azul-e-branco","9":"product_cat-manganes","10":"product_cat-xix","11":"product_tag-pecas-de-colecao","13":"first","14":"instock","15":"shipping-taxable","16":"product-type-simple"},"acf":[],"_links":{"self":[{"href":"https:\/\/doreytiles.pt\/pt-pt\/wp-json\/wp\/v2\/product\/15662","targetHints":{"allow":["GET"]}}],"collection":[{"href":"https:\/\/doreytiles.pt\/pt-pt\/wp-json\/wp\/v2\/product"}],"about":[{"href":"https:\/\/doreytiles.pt\/pt-pt\/wp-json\/wp\/v2\/types\/product"}],"wp:featuredmedia":[{"embeddable":true,"href":"https:\/\/doreytiles.pt\/pt-pt\/wp-json\/wp\/v2\/media\/15320"}],"wp:attachment":[{"href":"https:\/\/doreytiles.pt\/pt-pt\/wp-json\/wp\/v2\/media?parent=15662"}],"wp:term":[{"taxonomy":"product_brand","embeddable":true,"href":"https:\/\/doreytiles.pt\/pt-pt\/wp-json\/wp\/v2\/product_brand?post=15662"},{"taxonomy":"product_cat","embeddable":true,"href":"https:\/\/doreytiles.pt\/pt-pt\/wp-json\/wp\/v2\/product_cat?post=15662"},{"taxonomy":"product_tag","embeddable":true,"href":"https:\/\/doreytiles.pt\/pt-pt\/wp-json\/wp\/v2\/product_tag?post=15662"}],"curies":[{"name":"wp","href":"https:\/\/api.w.org\/{rel}","templated":true}]}}