{"id":15663,"date":"2026-03-27T13:15:51","date_gmt":"2026-03-27T13:15:51","guid":{"rendered":"https:\/\/doreytiles.pt\/?post_type=product&#038;p=15663"},"modified":"2026-03-27T15:02:33","modified_gmt":"2026-03-27T15:02:33","slug":"painel-conversa-a-beira-rio-sec-xviii","status":"publish","type":"product","link":"https:\/\/doreytiles.pt\/pt-pt\/product\/painel-conversa-a-beira-rio-sec-xviii\/","title":{"rendered":"Painel conversa \u00e0 beira rio &#8211; s\u00e9c. XVIII"},"content":{"rendered":"<p>Per\u00edodo: s\u00e9c. XVIII<\/p>\n<pre><\/pre>\n<p>Dimens\u00f5es: 84 x 98 cm<\/p>\n<pre><\/pre>\n<p>Painel em mangan\u00eas e azul sobre branco com a representa\u00e7\u00e3o de dois homens junto a uma paisagem ribeirinha com arquitetura e embarca\u00e7\u00f5es ao fundo. A composi\u00e7\u00e3o \u00e9 enquadrada por cercadura ornamental de inspira\u00e7\u00e3o barroca.<\/p>\n","protected":false},"excerpt":{"rendered":"<p>Per\u00edodo: s\u00e9c. XVIII Dimens\u00f5es: 84 x 98 cm Painel em mangan\u00eas e azul sobre branco com a representa\u00e7\u00e3o de dois homens junto a uma paisagem ribeirinha com arquitetura e embarca\u00e7\u00f5es ao fundo. A composi\u00e7\u00e3o \u00e9 enquadrada por cercadura ornamental de inspira\u00e7\u00e3o barroca.<\/p>\n","protected":false},"featured_media":15664,"template":"","meta":{"_acf_changed":false},"product_brand":[],"product_cat":[34,41,47],"product_tag":[38],"class_list":{"0":"post-15663","1":"product","2":"type-product","3":"status-publish","4":"has-post-thumbnail","6":"product_cat-manganes","7":"product_cat-41","8":"product_cat-xviii","9":"product_tag-paineis-figurativos","11":"first","12":"instock","13":"shipping-taxable","14":"product-type-simple"},"acf":[],"_links":{"self":[{"href":"https:\/\/doreytiles.pt\/pt-pt\/wp-json\/wp\/v2\/product\/15663","targetHints":{"allow":["GET"]}}],"collection":[{"href":"https:\/\/doreytiles.pt\/pt-pt\/wp-json\/wp\/v2\/product"}],"about":[{"href":"https:\/\/doreytiles.pt\/pt-pt\/wp-json\/wp\/v2\/types\/product"}],"wp:featuredmedia":[{"embeddable":true,"href":"https:\/\/doreytiles.pt\/pt-pt\/wp-json\/wp\/v2\/media\/15664"}],"wp:attachment":[{"href":"https:\/\/doreytiles.pt\/pt-pt\/wp-json\/wp\/v2\/media?parent=15663"}],"wp:term":[{"taxonomy":"product_brand","embeddable":true,"href":"https:\/\/doreytiles.pt\/pt-pt\/wp-json\/wp\/v2\/product_brand?post=15663"},{"taxonomy":"product_cat","embeddable":true,"href":"https:\/\/doreytiles.pt\/pt-pt\/wp-json\/wp\/v2\/product_cat?post=15663"},{"taxonomy":"product_tag","embeddable":true,"href":"https:\/\/doreytiles.pt\/pt-pt\/wp-json\/wp\/v2\/product_tag?post=15663"}],"curies":[{"name":"wp","href":"https:\/\/api.w.org\/{rel}","templated":true}]}}