{"id":15668,"date":"2026-03-27T13:27:45","date_gmt":"2026-03-27T13:27:45","guid":{"rendered":"https:\/\/doreytiles.pt\/?post_type=product&#038;p=15668"},"modified":"2026-03-27T15:45:44","modified_gmt":"2026-03-27T15:45:44","slug":"cabeca-feminina-em-terracota-sec-xix-xx","status":"publish","type":"product","link":"https:\/\/doreytiles.pt\/pt-pt\/product\/cabeca-feminina-em-terracota-sec-xix-xx\/","title":{"rendered":"Cabe\u00e7a Feminina em Pedra &#8211; s\u00e9c. XIX\/XX"},"content":{"rendered":"<p>Periodo: S\u00e9c. XIX\/XX<\/p>\n<pre><\/pre>\n<p>Dimens\u00f5es: cerca de 30 cm<\/p>\n<pre><\/pre>\n<p>Escultura em pedra com a representa\u00e7\u00e3o de um rosto feminino, de tra\u00e7os suaves e cabelo ondulado, parcialmente coberto por um v\u00e9u.<\/p>\n","protected":false},"excerpt":{"rendered":"<p>Periodo: S\u00e9c. XIX\/XX Dimens\u00f5es: cerca de 30 cm Escultura em pedra com a representa\u00e7\u00e3o de um rosto feminino, de tra\u00e7os suaves e cabelo ondulado, parcialmente coberto por um v\u00e9u.<\/p>\n","protected":false},"featured_media":15302,"template":"","meta":{"_acf_changed":false},"product_brand":[],"product_cat":[48,42,50],"product_tag":[58,60],"class_list":{"0":"post-15668","1":"product","2":"type-product","3":"status-publish","4":"has-post-thumbnail","6":"product_cat-xix","7":"product_cat-42","8":"product_cat-xx","9":"product_tag-pecas-de-colecao","10":"product_tag-pedras","12":"first","13":"instock","14":"shipping-taxable","15":"product-type-simple"},"acf":[],"_links":{"self":[{"href":"https:\/\/doreytiles.pt\/pt-pt\/wp-json\/wp\/v2\/product\/15668","targetHints":{"allow":["GET"]}}],"collection":[{"href":"https:\/\/doreytiles.pt\/pt-pt\/wp-json\/wp\/v2\/product"}],"about":[{"href":"https:\/\/doreytiles.pt\/pt-pt\/wp-json\/wp\/v2\/types\/product"}],"wp:featuredmedia":[{"embeddable":true,"href":"https:\/\/doreytiles.pt\/pt-pt\/wp-json\/wp\/v2\/media\/15302"}],"wp:attachment":[{"href":"https:\/\/doreytiles.pt\/pt-pt\/wp-json\/wp\/v2\/media?parent=15668"}],"wp:term":[{"taxonomy":"product_brand","embeddable":true,"href":"https:\/\/doreytiles.pt\/pt-pt\/wp-json\/wp\/v2\/product_brand?post=15668"},{"taxonomy":"product_cat","embeddable":true,"href":"https:\/\/doreytiles.pt\/pt-pt\/wp-json\/wp\/v2\/product_cat?post=15668"},{"taxonomy":"product_tag","embeddable":true,"href":"https:\/\/doreytiles.pt\/pt-pt\/wp-json\/wp\/v2\/product_tag?post=15668"}],"curies":[{"name":"wp","href":"https:\/\/api.w.org\/{rel}","templated":true}]}}