{"id":15718,"date":"2026-04-02T16:35:46","date_gmt":"2026-04-02T16:35:46","guid":{"rendered":"https:\/\/doreytiles.pt\/?post_type=product&#038;p=15718"},"modified":"2026-04-03T10:39:00","modified_gmt":"2026-04-03T10:39:00","slug":"painel-grinaldas-e-aves-sec-xviii","status":"publish","type":"product","link":"https:\/\/doreytiles.pt\/pt-pt\/product\/painel-grinaldas-e-aves-sec-xviii\/","title":{"rendered":"Painel grinaldas e aves &#8211; s\u00e9c. XVIII"},"content":{"rendered":"<p>Per\u00edodo: s\u00e9c. XVIII<\/p>\n<pre><\/pre>\n<p>Dimens\u00f5es: <span class=\"a_GcMg font-feature-liga-off font-feature-clig-off font-feature-calt-off text-decoration-none text-strikethrough-none\">238 x 84 cm<\/span><\/p>\n<pre><\/pre>\n<p>Painel de azulejos neocl\u00e1ssicos do s\u00e9culo XVIII, decorado com grinaldas florais, aves e elementos vegetalistas em tons suaves. Composi\u00e7\u00e3o sim\u00e9trica, centrada com um arranjo de frutos.<\/p>\n","protected":false},"excerpt":{"rendered":"<p>Per\u00edodo: s\u00e9c. XVIII Dimens\u00f5es: 238 x 84 cm Painel de azulejos neocl\u00e1ssicos do s\u00e9culo XVIII, decorado com grinaldas florais, aves e elementos vegetalistas em tons suaves. Composi\u00e7\u00e3o sim\u00e9trica, centrada com um arranjo de frutos.<\/p>\n","protected":false},"featured_media":15434,"template":"","meta":{"_acf_changed":false},"product_brand":[],"product_cat":[47,41,35,33,34],"product_tag":[38],"class_list":{"0":"post-15718","1":"product","2":"type-product","3":"status-publish","4":"has-post-thumbnail","6":"product_cat-xviii","7":"product_cat-41","8":"product_cat-amarelos","9":"product_cat-azul-e-branco","10":"product_cat-manganes","11":"product_tag-paineis-figurativos","13":"first","14":"instock","15":"shipping-taxable","16":"product-type-simple"},"acf":[],"_links":{"self":[{"href":"https:\/\/doreytiles.pt\/pt-pt\/wp-json\/wp\/v2\/product\/15718","targetHints":{"allow":["GET"]}}],"collection":[{"href":"https:\/\/doreytiles.pt\/pt-pt\/wp-json\/wp\/v2\/product"}],"about":[{"href":"https:\/\/doreytiles.pt\/pt-pt\/wp-json\/wp\/v2\/types\/product"}],"wp:featuredmedia":[{"embeddable":true,"href":"https:\/\/doreytiles.pt\/pt-pt\/wp-json\/wp\/v2\/media\/15434"}],"wp:attachment":[{"href":"https:\/\/doreytiles.pt\/pt-pt\/wp-json\/wp\/v2\/media?parent=15718"}],"wp:term":[{"taxonomy":"product_brand","embeddable":true,"href":"https:\/\/doreytiles.pt\/pt-pt\/wp-json\/wp\/v2\/product_brand?post=15718"},{"taxonomy":"product_cat","embeddable":true,"href":"https:\/\/doreytiles.pt\/pt-pt\/wp-json\/wp\/v2\/product_cat?post=15718"},{"taxonomy":"product_tag","embeddable":true,"href":"https:\/\/doreytiles.pt\/pt-pt\/wp-json\/wp\/v2\/product_tag?post=15718"}],"curies":[{"name":"wp","href":"https:\/\/api.w.org\/{rel}","templated":true}]}}