{"id":15720,"date":"2026-04-02T17:02:54","date_gmt":"2026-04-02T17:02:54","guid":{"rendered":"https:\/\/doreytiles.pt\/?post_type=product&#038;p=15720"},"modified":"2026-04-03T10:36:22","modified_gmt":"2026-04-03T10:36:22","slug":"painel-padrao-geometrico-4-sec-xvii-2","status":"publish","type":"product","link":"https:\/\/doreytiles.pt\/pt-pt\/product\/painel-padrao-geometrico-4-sec-xvii-2\/","title":{"rendered":"Painel padr\u00e3o geom\u00e9trico (4) &#8211; s\u00e9c. XVII"},"content":{"rendered":"<p>Per\u00edodo: s\u00e9c. XVII<\/p>\n<pre><\/pre>\n<p>Dimens\u00f5es: <span class=\"a_GcMg font-feature-liga-off font-feature-clig-off font-feature-calt-off text-decoration-none text-strikethrough-none\">70 x 98 cm<\/span><\/p>\n<pre><\/pre>\n<p>Painel de azulejos padr\u00e3o geom\u00e9trico do s\u00e9culo XVII.<\/p>\n","protected":false},"excerpt":{"rendered":"<p>Per\u00edodo: s\u00e9c. XVII Dimens\u00f5es: 70 x 98 cm Painel de azulejos padr\u00e3o geom\u00e9trico do s\u00e9culo XVII.<\/p>\n","protected":false},"featured_media":15396,"template":"","meta":{"_acf_changed":false},"product_brand":[],"product_cat":[41,35,33,49],"product_tag":[37],"class_list":{"0":"post-15720","1":"product","2":"type-product","3":"status-publish","4":"has-post-thumbnail","6":"product_cat-41","7":"product_cat-amarelos","8":"product_cat-azul-e-branco","9":"product_cat-xvi","10":"product_tag-azulejo-padrao","12":"first","13":"instock","14":"shipping-taxable","15":"product-type-simple"},"acf":[],"_links":{"self":[{"href":"https:\/\/doreytiles.pt\/pt-pt\/wp-json\/wp\/v2\/product\/15720","targetHints":{"allow":["GET"]}}],"collection":[{"href":"https:\/\/doreytiles.pt\/pt-pt\/wp-json\/wp\/v2\/product"}],"about":[{"href":"https:\/\/doreytiles.pt\/pt-pt\/wp-json\/wp\/v2\/types\/product"}],"wp:featuredmedia":[{"embeddable":true,"href":"https:\/\/doreytiles.pt\/pt-pt\/wp-json\/wp\/v2\/media\/15396"}],"wp:attachment":[{"href":"https:\/\/doreytiles.pt\/pt-pt\/wp-json\/wp\/v2\/media?parent=15720"}],"wp:term":[{"taxonomy":"product_brand","embeddable":true,"href":"https:\/\/doreytiles.pt\/pt-pt\/wp-json\/wp\/v2\/product_brand?post=15720"},{"taxonomy":"product_cat","embeddable":true,"href":"https:\/\/doreytiles.pt\/pt-pt\/wp-json\/wp\/v2\/product_cat?post=15720"},{"taxonomy":"product_tag","embeddable":true,"href":"https:\/\/doreytiles.pt\/pt-pt\/wp-json\/wp\/v2\/product_tag?post=15720"}],"curies":[{"name":"wp","href":"https:\/\/api.w.org\/{rel}","templated":true}]}}