{"id":15722,"date":"2026-04-02T17:08:48","date_gmt":"2026-04-02T17:08:48","guid":{"rendered":"https:\/\/doreytiles.pt\/?post_type=product&#038;p=15722"},"modified":"2026-04-03T10:35:12","modified_gmt":"2026-04-03T10:35:12","slug":"quadra-bordalo-pinheiro-sec-xix-2","status":"publish","type":"product","link":"https:\/\/doreytiles.pt\/pt-pt\/product\/quadra-bordalo-pinheiro-sec-xix-2\/","title":{"rendered":"Quadra Bordalo Pinheiro &#8211; S\u00e9c. XIX"},"content":{"rendered":"<p>Per\u00edodo: s\u00e9c. XIX<\/p>\n<pre><\/pre>\n<p>Dimens\u00f5es: 30 x 30 cm<\/p>\n<pre><\/pre>\n<p>Composi\u00e7\u00e3o de quatro azulejos originais de Bordalo Pinheiro, Caldas da Rainha &#8211; padr\u00e3o &#8220;interlaced Granada&#8221; em azul e branco.<\/p>\n","protected":false},"excerpt":{"rendered":"<p>Per\u00edodo: s\u00e9c. XIX Dimens\u00f5es: 30 x 30 cm Composi\u00e7\u00e3o de quatro azulejos originais de Bordalo Pinheiro, Caldas da Rainha &#8211; padr\u00e3o &#8220;interlaced Granada&#8221; em azul e branco.<\/p>\n","protected":false},"featured_media":15382,"template":"","meta":{"_acf_changed":false},"product_brand":[],"product_cat":[33,45,48],"product_tag":[57],"class_list":{"0":"post-15722","1":"product","2":"type-product","3":"status-publish","4":"has-post-thumbnail","6":"product_cat-azul-e-branco","7":"product_cat-45","8":"product_cat-xix","9":"product_tag-caldas-da-rainha","11":"first","12":"instock","13":"shipping-taxable","14":"product-type-simple"},"acf":[],"_links":{"self":[{"href":"https:\/\/doreytiles.pt\/pt-pt\/wp-json\/wp\/v2\/product\/15722","targetHints":{"allow":["GET"]}}],"collection":[{"href":"https:\/\/doreytiles.pt\/pt-pt\/wp-json\/wp\/v2\/product"}],"about":[{"href":"https:\/\/doreytiles.pt\/pt-pt\/wp-json\/wp\/v2\/types\/product"}],"wp:featuredmedia":[{"embeddable":true,"href":"https:\/\/doreytiles.pt\/pt-pt\/wp-json\/wp\/v2\/media\/15382"}],"wp:attachment":[{"href":"https:\/\/doreytiles.pt\/pt-pt\/wp-json\/wp\/v2\/media?parent=15722"}],"wp:term":[{"taxonomy":"product_brand","embeddable":true,"href":"https:\/\/doreytiles.pt\/pt-pt\/wp-json\/wp\/v2\/product_brand?post=15722"},{"taxonomy":"product_cat","embeddable":true,"href":"https:\/\/doreytiles.pt\/pt-pt\/wp-json\/wp\/v2\/product_cat?post=15722"},{"taxonomy":"product_tag","embeddable":true,"href":"https:\/\/doreytiles.pt\/pt-pt\/wp-json\/wp\/v2\/product_tag?post=15722"}],"curies":[{"name":"wp","href":"https:\/\/api.w.org\/{rel}","templated":true}]}}