{"id":15723,"date":"2026-04-02T17:19:07","date_gmt":"2026-04-02T17:19:07","guid":{"rendered":"https:\/\/doreytiles.pt\/?post_type=product&#038;p=15723"},"modified":"2026-04-03T10:34:08","modified_gmt":"2026-04-03T10:34:08","slug":"cena-galante-e-bucolica-sec-xviii","status":"publish","type":"product","link":"https:\/\/doreytiles.pt\/pt-pt\/product\/cena-galante-e-bucolica-sec-xviii\/","title":{"rendered":"Cena Galante e Buc\u00f3lica &#8211; s\u00e9c. XVIII"},"content":{"rendered":"<p>Per\u00edodo: s\u00e9c. XVIII<\/p>\n<pre><\/pre>\n<p>Dimens\u00f5es: 154 x 253 cm<\/p>\n<pre><\/pre>\n<p>Painel de azulejos portugueses em azul e branco, do s\u00e9culo XVIII, com a representa\u00e7\u00e3o de uma cena galante inserida em uma paisagem idealizada. A composi\u00e7\u00e3o organiza-se em torno de figuras em ambiente campestre e mar\u00edtimo, enquadradas por elaborada moldura barroca com elementos vegetalistas e querubins.<\/p>\n","protected":false},"excerpt":{"rendered":"<p>Per\u00edodo: s\u00e9c. XVIII Dimens\u00f5es: 154 x 253 cm Painel de azulejos portugueses em azul e branco, do s\u00e9culo XVIII, com a representa\u00e7\u00e3o de uma cena galante inserida em uma paisagem idealizada. A composi\u00e7\u00e3o organiza-se em torno de figuras em ambiente campestre e mar\u00edtimo, enquadradas por elaborada moldura barroca com elementos vegetalistas e querubins.<\/p>\n","protected":false},"featured_media":15464,"template":"","meta":{"_acf_changed":false},"product_brand":[],"product_cat":[33,41,47],"product_tag":[38],"class_list":{"0":"post-15723","1":"product","2":"type-product","3":"status-publish","4":"has-post-thumbnail","6":"product_cat-azul-e-branco","7":"product_cat-41","8":"product_cat-xviii","9":"product_tag-paineis-figurativos","11":"first","12":"instock","13":"shipping-taxable","14":"product-type-simple"},"acf":[],"_links":{"self":[{"href":"https:\/\/doreytiles.pt\/pt-pt\/wp-json\/wp\/v2\/product\/15723","targetHints":{"allow":["GET"]}}],"collection":[{"href":"https:\/\/doreytiles.pt\/pt-pt\/wp-json\/wp\/v2\/product"}],"about":[{"href":"https:\/\/doreytiles.pt\/pt-pt\/wp-json\/wp\/v2\/types\/product"}],"wp:featuredmedia":[{"embeddable":true,"href":"https:\/\/doreytiles.pt\/pt-pt\/wp-json\/wp\/v2\/media\/15464"}],"wp:attachment":[{"href":"https:\/\/doreytiles.pt\/pt-pt\/wp-json\/wp\/v2\/media?parent=15723"}],"wp:term":[{"taxonomy":"product_brand","embeddable":true,"href":"https:\/\/doreytiles.pt\/pt-pt\/wp-json\/wp\/v2\/product_brand?post=15723"},{"taxonomy":"product_cat","embeddable":true,"href":"https:\/\/doreytiles.pt\/pt-pt\/wp-json\/wp\/v2\/product_cat?post=15723"},{"taxonomy":"product_tag","embeddable":true,"href":"https:\/\/doreytiles.pt\/pt-pt\/wp-json\/wp\/v2\/product_tag?post=15723"}],"curies":[{"name":"wp","href":"https:\/\/api.w.org\/{rel}","templated":true}]}}