{"id":15770,"date":"2026-04-10T10:19:00","date_gmt":"2026-04-10T10:19:00","guid":{"rendered":"https:\/\/doreytiles.pt\/?post_type=product&#038;p=15770"},"modified":"2026-04-10T16:27:41","modified_gmt":"2026-04-10T16:27:41","slug":"composicoes-cercaduras-sec-xvii","status":"publish","type":"product","link":"https:\/\/doreytiles.pt\/pt-pt\/product\/composicoes-cercaduras-sec-xvii\/","title":{"rendered":"Composi\u00e7\u00f5es cercaduras &#8211; s\u00e9c. XVII"},"content":{"rendered":"<p>Per\u00edodo: s\u00e9culo XVII<\/p>\n<pre><\/pre>\n<p>Dimens\u00f5es: 16 x 45 \/ 16 x 58 cm<\/p>\n<pre><\/pre>\n<p>Conjunto de composi\u00e7\u00f5es com fragmentos de azulejos de cercadura portugueses do s\u00e9culo XVII, em tons tradicionais de azul e amarelo sobre branco.<\/p>\n","protected":false},"excerpt":{"rendered":"<p>Per\u00edodo: s\u00e9culo XVII Dimens\u00f5es: 16 x 45 \/ 16 x 58 cm Conjunto de composi\u00e7\u00f5es com fragmentos de azulejos de cercadura portugueses do s\u00e9culo XVII, em tons tradicionais de azul e amarelo sobre branco.<\/p>\n","protected":false},"featured_media":15400,"template":"","meta":{"_acf_changed":false},"product_brand":[],"product_cat":[33,41,35,46],"product_tag":[37],"class_list":{"0":"post-15770","1":"product","2":"type-product","3":"status-publish","4":"has-post-thumbnail","6":"product_cat-azul-e-branco","7":"product_cat-41","8":"product_cat-amarelos","9":"product_cat-xvii","10":"product_tag-azulejo-padrao","12":"first","13":"instock","14":"shipping-taxable","15":"product-type-simple"},"acf":[],"_links":{"self":[{"href":"https:\/\/doreytiles.pt\/pt-pt\/wp-json\/wp\/v2\/product\/15770","targetHints":{"allow":["GET"]}}],"collection":[{"href":"https:\/\/doreytiles.pt\/pt-pt\/wp-json\/wp\/v2\/product"}],"about":[{"href":"https:\/\/doreytiles.pt\/pt-pt\/wp-json\/wp\/v2\/types\/product"}],"wp:featuredmedia":[{"embeddable":true,"href":"https:\/\/doreytiles.pt\/pt-pt\/wp-json\/wp\/v2\/media\/15400"}],"wp:attachment":[{"href":"https:\/\/doreytiles.pt\/pt-pt\/wp-json\/wp\/v2\/media?parent=15770"}],"wp:term":[{"taxonomy":"product_brand","embeddable":true,"href":"https:\/\/doreytiles.pt\/pt-pt\/wp-json\/wp\/v2\/product_brand?post=15770"},{"taxonomy":"product_cat","embeddable":true,"href":"https:\/\/doreytiles.pt\/pt-pt\/wp-json\/wp\/v2\/product_cat?post=15770"},{"taxonomy":"product_tag","embeddable":true,"href":"https:\/\/doreytiles.pt\/pt-pt\/wp-json\/wp\/v2\/product_tag?post=15770"}],"curies":[{"name":"wp","href":"https:\/\/api.w.org\/{rel}","templated":true}]}}