{"id":15772,"date":"2026-04-10T10:27:30","date_gmt":"2026-04-10T10:27:30","guid":{"rendered":"https:\/\/doreytiles.pt\/?post_type=product&#038;p=15772"},"modified":"2026-04-10T14:40:45","modified_gmt":"2026-04-10T14:40:45","slug":"painel-neoclassico-com-cena-maritima-seculo-xviii","status":"publish","type":"product","link":"https:\/\/doreytiles.pt\/pt-pt\/product\/painel-neoclassico-com-cena-maritima-seculo-xviii\/","title":{"rendered":"Painel Neocl\u00e1ssico com Cena Mar\u00edtima &#8211; s\u00e9culo XVIII"},"content":{"rendered":"<p>Per\u00edodo: s\u00e9culo XVIII<\/p>\n<pre><\/pre>\n<p>Dimens\u00f5es: 224 x 84 cm<\/p>\n<pre><\/pre>\n<p>Painel de azulejos portugueses do s\u00e9culo XVIII, produ\u00e7\u00e3o neocl\u00e1ssica, com cercadura em tons amarelos. Ao centro, destaca-se uma cartela com cena mar\u00edtima em azul, envolvida por elementos decorativos florais e concheados.<\/p>\n","protected":false},"excerpt":{"rendered":"<p>Per\u00edodo: s\u00e9culo XVIII Dimens\u00f5es: 224 x 84 cm Painel de azulejos portugueses do s\u00e9culo XVIII, produ\u00e7\u00e3o neocl\u00e1ssica, com cercadura em tons amarelos. Ao centro, destaca-se uma cartela com cena mar\u00edtima em azul, envolvida por elementos decorativos florais e concheados.<\/p>\n","protected":false},"featured_media":15472,"template":"","meta":{"_acf_changed":false},"product_brand":[],"product_cat":[35,41,33,34,47],"product_tag":[38],"class_list":{"0":"post-15772","1":"product","2":"type-product","3":"status-publish","4":"has-post-thumbnail","6":"product_cat-amarelos","7":"product_cat-41","8":"product_cat-azul-e-branco","9":"product_cat-manganes","10":"product_cat-xviii","11":"product_tag-paineis-figurativos","13":"first","14":"instock","15":"shipping-taxable","16":"product-type-simple"},"acf":[],"_links":{"self":[{"href":"https:\/\/doreytiles.pt\/pt-pt\/wp-json\/wp\/v2\/product\/15772","targetHints":{"allow":["GET"]}}],"collection":[{"href":"https:\/\/doreytiles.pt\/pt-pt\/wp-json\/wp\/v2\/product"}],"about":[{"href":"https:\/\/doreytiles.pt\/pt-pt\/wp-json\/wp\/v2\/types\/product"}],"wp:featuredmedia":[{"embeddable":true,"href":"https:\/\/doreytiles.pt\/pt-pt\/wp-json\/wp\/v2\/media\/15472"}],"wp:attachment":[{"href":"https:\/\/doreytiles.pt\/pt-pt\/wp-json\/wp\/v2\/media?parent=15772"}],"wp:term":[{"taxonomy":"product_brand","embeddable":true,"href":"https:\/\/doreytiles.pt\/pt-pt\/wp-json\/wp\/v2\/product_brand?post=15772"},{"taxonomy":"product_cat","embeddable":true,"href":"https:\/\/doreytiles.pt\/pt-pt\/wp-json\/wp\/v2\/product_cat?post=15772"},{"taxonomy":"product_tag","embeddable":true,"href":"https:\/\/doreytiles.pt\/pt-pt\/wp-json\/wp\/v2\/product_tag?post=15772"}],"curies":[{"name":"wp","href":"https:\/\/api.w.org\/{rel}","templated":true}]}}