{"id":15773,"date":"2026-04-10T10:33:12","date_gmt":"2026-04-10T10:33:12","guid":{"rendered":"https:\/\/doreytiles.pt\/?post_type=product&#038;p=15773"},"modified":"2026-04-10T16:26:57","modified_gmt":"2026-04-10T16:26:57","slug":"composicao-com-figura-alegorica-sec-xviii","status":"publish","type":"product","link":"https:\/\/doreytiles.pt\/pt-pt\/product\/composicao-com-figura-alegorica-sec-xviii\/","title":{"rendered":"Composi\u00e7\u00e3o com Figura Feminina &#8211; s\u00e9c. XVIII"},"content":{"rendered":"<p>Per\u00edodo: s\u00e9c. XVIII<\/p>\n<pre><\/pre>\n<p>Dimens\u00f5es: 47 x 28 cm<\/p>\n<pre><\/pre>\n<p>Composi\u00e7\u00e3o decorativa com fragmento de azulejo portugu\u00eas em azul e branco, representando uma figura feminina, possivelmente inspirada em temas mitol\u00f3gicos ou decorativos do s\u00e9culo XVIII. A pe\u00e7a apresenta tra\u00e7os fluidos e ornamentais t\u00edpicos da azulejaria da \u00e9poca.<\/p>\n","protected":false},"excerpt":{"rendered":"<p>Per\u00edodo: s\u00e9c. XVIII Dimens\u00f5es: 47 x 28 cm Composi\u00e7\u00e3o decorativa com fragmento de azulejo portugu\u00eas em azul e branco, representando uma figura feminina, possivelmente inspirada em temas mitol\u00f3gicos ou decorativos do s\u00e9culo XVIII. A pe\u00e7a apresenta tra\u00e7os fluidos e ornamentais t\u00edpicos da azulejaria da \u00e9poca.<\/p>\n","protected":false},"featured_media":15776,"template":"","meta":{"_acf_changed":false},"product_brand":[],"product_cat":[33,41,47],"product_tag":[109],"class_list":{"0":"post-15773","1":"product","2":"type-product","3":"status-publish","4":"has-post-thumbnail","6":"product_cat-azul-e-branco","7":"product_cat-41","8":"product_cat-xviii","9":"product_tag-azulejo","11":"first","12":"instock","13":"shipping-taxable","14":"product-type-simple"},"acf":[],"_links":{"self":[{"href":"https:\/\/doreytiles.pt\/pt-pt\/wp-json\/wp\/v2\/product\/15773","targetHints":{"allow":["GET"]}}],"collection":[{"href":"https:\/\/doreytiles.pt\/pt-pt\/wp-json\/wp\/v2\/product"}],"about":[{"href":"https:\/\/doreytiles.pt\/pt-pt\/wp-json\/wp\/v2\/types\/product"}],"wp:featuredmedia":[{"embeddable":true,"href":"https:\/\/doreytiles.pt\/pt-pt\/wp-json\/wp\/v2\/media\/15776"}],"wp:attachment":[{"href":"https:\/\/doreytiles.pt\/pt-pt\/wp-json\/wp\/v2\/media?parent=15773"}],"wp:term":[{"taxonomy":"product_brand","embeddable":true,"href":"https:\/\/doreytiles.pt\/pt-pt\/wp-json\/wp\/v2\/product_brand?post=15773"},{"taxonomy":"product_cat","embeddable":true,"href":"https:\/\/doreytiles.pt\/pt-pt\/wp-json\/wp\/v2\/product_cat?post=15773"},{"taxonomy":"product_tag","embeddable":true,"href":"https:\/\/doreytiles.pt\/pt-pt\/wp-json\/wp\/v2\/product_tag?post=15773"}],"curies":[{"name":"wp","href":"https:\/\/api.w.org\/{rel}","templated":true}]}}