{"id":15778,"date":"2026-04-10T10:38:52","date_gmt":"2026-04-10T10:38:52","guid":{"rendered":"https:\/\/doreytiles.pt\/?post_type=product&#038;p=15778"},"modified":"2026-04-10T16:26:07","modified_gmt":"2026-04-10T16:26:07","slug":"painel-de-azulejos-com-cena-ribeirinha-por-roque-gameiro-sec-xx","status":"publish","type":"product","link":"https:\/\/doreytiles.pt\/pt-pt\/product\/painel-de-azulejos-com-cena-ribeirinha-por-roque-gameiro-sec-xx\/","title":{"rendered":"Painel de Azulejos com Cena Ribeirinha  &#8211; s\u00e9c. XX"},"content":{"rendered":"<p>Per\u00edodo: S\u00e9c. XX<\/p>\n<pre><\/pre>\n<p>Dimens\u00f5es: 84 x 56 cm<\/p>\n<pre><\/pre>\n<p>Painel de azulejos portugueses em azul e branco, representando embarca\u00e7\u00f5es tradicionais numa cena ribeirinha, com farolim em segundo plano. A composi\u00e7\u00e3o segue a est\u00e9tica naturalista da azulejaria do s\u00e9culo XX e apresenta assinatura no canto inferior direito.<\/p>\n<p>&nbsp;<\/p>\n<p>&nbsp;<\/p>\n","protected":false},"excerpt":{"rendered":"<p>Per\u00edodo: S\u00e9c. XX Dimens\u00f5es: 84 x 56 cm Painel de azulejos portugueses em azul e branco, representando embarca\u00e7\u00f5es tradicionais numa cena ribeirinha, com farolim em segundo plano. A composi\u00e7\u00e3o segue a est\u00e9tica naturalista da azulejaria do s\u00e9culo XX e apresenta assinatura no canto inferior direito. &nbsp; &nbsp;<\/p>\n","protected":false},"featured_media":15360,"template":"","meta":{"_acf_changed":false},"product_brand":[],"product_cat":[33,41,50],"product_tag":[38],"class_list":{"0":"post-15778","1":"product","2":"type-product","3":"status-publish","4":"has-post-thumbnail","6":"product_cat-azul-e-branco","7":"product_cat-41","8":"product_cat-xx","9":"product_tag-paineis-figurativos","11":"first","12":"instock","13":"shipping-taxable","14":"product-type-simple"},"acf":[],"_links":{"self":[{"href":"https:\/\/doreytiles.pt\/pt-pt\/wp-json\/wp\/v2\/product\/15778","targetHints":{"allow":["GET"]}}],"collection":[{"href":"https:\/\/doreytiles.pt\/pt-pt\/wp-json\/wp\/v2\/product"}],"about":[{"href":"https:\/\/doreytiles.pt\/pt-pt\/wp-json\/wp\/v2\/types\/product"}],"wp:featuredmedia":[{"embeddable":true,"href":"https:\/\/doreytiles.pt\/pt-pt\/wp-json\/wp\/v2\/media\/15360"}],"wp:attachment":[{"href":"https:\/\/doreytiles.pt\/pt-pt\/wp-json\/wp\/v2\/media?parent=15778"}],"wp:term":[{"taxonomy":"product_brand","embeddable":true,"href":"https:\/\/doreytiles.pt\/pt-pt\/wp-json\/wp\/v2\/product_brand?post=15778"},{"taxonomy":"product_cat","embeddable":true,"href":"https:\/\/doreytiles.pt\/pt-pt\/wp-json\/wp\/v2\/product_cat?post=15778"},{"taxonomy":"product_tag","embeddable":true,"href":"https:\/\/doreytiles.pt\/pt-pt\/wp-json\/wp\/v2\/product_tag?post=15778"}],"curies":[{"name":"wp","href":"https:\/\/api.w.org\/{rel}","templated":true}]}}