{"id":15783,"date":"2026-04-10T11:02:52","date_gmt":"2026-04-10T11:02:52","guid":{"rendered":"https:\/\/doreytiles.pt\/?post_type=product&#038;p=15783"},"modified":"2026-04-10T14:07:34","modified_gmt":"2026-04-10T14:07:34","slug":"azulejos-par-de-paineis-com-atlantes-sec-xviii","status":"publish","type":"product","link":"https:\/\/doreytiles.pt\/pt-pt\/product\/azulejos-par-de-paineis-com-atlantes-sec-xviii\/","title":{"rendered":"Par de Pain\u00e9is com Cari\u00e1tides &#8211; s\u00e9c. XVIII"},"content":{"rendered":"<p>Per\u00edodo: s\u00e9c. XVIII<\/p>\n<pre><\/pre>\n<p>Dimens\u00f5es: 140 x 28 cm<\/p>\n<pre><\/pre>\n<p>Par de pain\u00e9is em azulejo portugu\u00eas azul e branco, com cari\u00e1tides a suportar cestos florais. Composi\u00e7\u00e3o barroca, t\u00edpica dos s\u00e9culos XVII\/in\u00edcio do XVIII, usada como elemento decorativo arquitect\u00f3nico.<\/p>\n","protected":false},"excerpt":{"rendered":"<p>Title: Pair of Azulejos Panels with Atlantes &#8211; 18th Century This exceptional pair of panels showcases rare Portuguese tiles produced in Lisbon during the early 18th century. Each tile is intricately designed, featuring the mythological figures of Atlantes, which exemplify the artistic craftsmanship of the period. These tiles are not only significant for their aesthetic appeal but also for their historical value, representing a pivotal moment in Portuguese ceramic art. Their preservation offers insight into the cultural and artistic heritage of early 18th-century Portugal.<\/p>\n","protected":false},"featured_media":15784,"template":"","meta":{"_acf_changed":false},"product_brand":[],"product_cat":[33,41,47],"product_tag":[38],"class_list":{"0":"post-15783","1":"product","2":"type-product","3":"status-publish","4":"has-post-thumbnail","6":"product_cat-azul-e-branco","7":"product_cat-41","8":"product_cat-xviii","9":"product_tag-paineis-figurativos","11":"first","12":"instock","13":"shipping-taxable","14":"product-type-simple"},"acf":[],"yoast_head":"<!-- This site is optimized with the Yoast SEO plugin v27.3 - https:\/\/yoast.com\/product\/yoast-seo-wordpress\/ -->\n<title>Par de Pain\u00e9is com Cari\u00e1tides - s\u00e9c. XVIII - D&#039;orey Tiles<\/title>\n<meta name=\"robots\" content=\"index, follow, max-snippet:-1, max-image-preview:large, max-video-preview:-1\" \/>\n<link rel=\"canonical\" href=\"https:\/\/doreytiles.pt\/pt-pt\/product\/azulejos-par-de-paineis-com-atlantes-sec-xviii\/\" \/>\n<meta property=\"og:locale\" content=\"pt_PT\" \/>\n<meta property=\"og:type\" content=\"article\" \/>\n<meta property=\"og:title\" content=\"Par de Pain\u00e9is com Cari\u00e1tides - s\u00e9c. XVIII - D&#039;orey Tiles\" \/>\n<meta property=\"og:description\" content=\"Title: Pair of Azulejos Panels with Atlantes - 18th Century This exceptional pair of panels showcases rare Portuguese tiles produced in Lisbon during the early 18th century. Each tile is intricately designed, featuring the mythological figures of Atlantes, which exemplify the artistic craftsmanship of the period. These tiles are not only significant for their aesthetic appeal but also for their historical value, representing a pivotal moment in Portuguese ceramic art. Their preservation offers insight into the cultural and artistic heritage of early 18th-century Portugal.\" \/>\n<meta property=\"og:url\" content=\"https:\/\/doreytiles.pt\/pt-pt\/product\/azulejos-par-de-paineis-com-atlantes-sec-xviii\/\" \/>\n<meta property=\"og:site_name\" content=\"D&#039;orey Tiles\" \/>\n<meta property=\"article:publisher\" content=\"https:\/\/www.facebook.com\/doreyazulejos\" \/>\n<meta property=\"article:modified_time\" content=\"2026-04-10T14:07:34+00:00\" \/>\n<meta property=\"og:image\" content=\"https:\/\/doreytiles.pt\/wp-content\/uploads\/2026\/04\/IMG_0510-scaled.jpg\" \/>\n\t<meta property=\"og:image:width\" content=\"2560\" \/>\n\t<meta property=\"og:image:height\" content=\"2560\" \/>\n\t<meta property=\"og:image:type\" content=\"image\/jpeg\" \/>\n<meta name=\"twitter:card\" content=\"summary_large_image\" \/>\n<script type=\"application\/ld+json\" class=\"yoast-schema-graph\">{\"@context\":\"https:\\\/\\\/schema.org\",\"@graph\":[{\"@type\":\"WebPage\",\"@id\":\"https:\\\/\\\/doreytiles.pt\\\/pt-pt\\\/product\\\/azulejos-par-de-paineis-com-atlantes-sec-xviii\\\/\",\"url\":\"https:\\\/\\\/doreytiles.pt\\\/pt-pt\\\/product\\\/azulejos-par-de-paineis-com-atlantes-sec-xviii\\\/\",\"name\":\"Par de Pain\u00e9is com Cari\u00e1tides - s\u00e9c. XVIII - D&#039;orey Tiles\",\"isPartOf\":{\"@id\":\"https:\\\/\\\/doreytiles.pt\\\/#website\"},\"primaryImageOfPage\":{\"@id\":\"https:\\\/\\\/doreytiles.pt\\\/pt-pt\\\/product\\\/azulejos-par-de-paineis-com-atlantes-sec-xviii\\\/#primaryimage\"},\"image\":{\"@id\":\"https:\\\/\\\/doreytiles.pt\\\/pt-pt\\\/product\\\/azulejos-par-de-paineis-com-atlantes-sec-xviii\\\/#primaryimage\"},\"thumbnailUrl\":\"https:\\\/\\\/doreytiles.pt\\\/wp-content\\\/uploads\\\/2026\\\/04\\\/IMG_0510-scaled.jpg\",\"datePublished\":\"2026-04-10T11:02:52+00:00\",\"dateModified\":\"2026-04-10T14:07:34+00:00\",\"breadcrumb\":{\"@id\":\"https:\\\/\\\/doreytiles.pt\\\/pt-pt\\\/product\\\/azulejos-par-de-paineis-com-atlantes-sec-xviii\\\/#breadcrumb\"},\"inLanguage\":\"pt-PT\",\"potentialAction\":[{\"@type\":\"ReadAction\",\"target\":[\"https:\\\/\\\/doreytiles.pt\\\/pt-pt\\\/product\\\/azulejos-par-de-paineis-com-atlantes-sec-xviii\\\/\"]}]},{\"@type\":\"ImageObject\",\"inLanguage\":\"pt-PT\",\"@id\":\"https:\\\/\\\/doreytiles.pt\\\/pt-pt\\\/product\\\/azulejos-par-de-paineis-com-atlantes-sec-xviii\\\/#primaryimage\",\"url\":\"https:\\\/\\\/doreytiles.pt\\\/wp-content\\\/uploads\\\/2026\\\/04\\\/IMG_0510-scaled.jpg\",\"contentUrl\":\"https:\\\/\\\/doreytiles.pt\\\/wp-content\\\/uploads\\\/2026\\\/04\\\/IMG_0510-scaled.jpg\",\"width\":2560,\"height\":2560},{\"@type\":\"BreadcrumbList\",\"@id\":\"https:\\\/\\\/doreytiles.pt\\\/pt-pt\\\/product\\\/azulejos-par-de-paineis-com-atlantes-sec-xviii\\\/#breadcrumb\",\"itemListElement\":[{\"@type\":\"ListItem\",\"position\":1,\"name\":\"In\u00edcio\",\"item\":\"https:\\\/\\\/doreytiles.pt\\\/pt-pt\\\/\"},{\"@type\":\"ListItem\",\"position\":2,\"name\":\"Par de Pain\u00e9is com Cari\u00e1tides &#8211; s\u00e9c. XVIII\"}]},{\"@type\":\"WebSite\",\"@id\":\"https:\\\/\\\/doreytiles.pt\\\/#website\",\"url\":\"https:\\\/\\\/doreytiles.pt\\\/\",\"name\":\"D'orey Tiles\",\"description\":\"Each piece, a story, each pattern, a tradition.\",\"publisher\":{\"@id\":\"https:\\\/\\\/doreytiles.pt\\\/#organization\"},\"potentialAction\":[{\"@type\":\"SearchAction\",\"target\":{\"@type\":\"EntryPoint\",\"urlTemplate\":\"https:\\\/\\\/doreytiles.pt\\\/?s={search_term_string}\"},\"query-input\":{\"@type\":\"PropertyValueSpecification\",\"valueRequired\":true,\"valueName\":\"search_term_string\"}}],\"inLanguage\":\"pt-PT\"},{\"@type\":\"Organization\",\"@id\":\"https:\\\/\\\/doreytiles.pt\\\/#organization\",\"name\":\"D'orey Tiles\",\"url\":\"https:\\\/\\\/doreytiles.pt\\\/\",\"logo\":{\"@type\":\"ImageObject\",\"inLanguage\":\"pt-PT\",\"@id\":\"https:\\\/\\\/doreytiles.pt\\\/#\\\/schema\\\/logo\\\/image\\\/\",\"url\":\"https:\\\/\\\/doreytiles.pt\\\/wp-content\\\/uploads\\\/2026\\\/04\\\/logo-dorey.jpg\",\"contentUrl\":\"https:\\\/\\\/doreytiles.pt\\\/wp-content\\\/uploads\\\/2026\\\/04\\\/logo-dorey.jpg\",\"width\":1521,\"height\":961,\"caption\":\"D'orey Tiles\"},\"image\":{\"@id\":\"https:\\\/\\\/doreytiles.pt\\\/#\\\/schema\\\/logo\\\/image\\\/\"},\"sameAs\":[\"https:\\\/\\\/www.facebook.com\\\/doreyazulejos\",\"https:\\\/\\\/instagram.com\\\/doreytiles\"]}]}<\/script>\n<!-- \/ Yoast SEO plugin. -->","yoast_head_json":{"title":"Par de Pain\u00e9is com Cari\u00e1tides - s\u00e9c. XVIII - D&#039;orey Tiles","robots":{"index":"index","follow":"follow","max-snippet":"max-snippet:-1","max-image-preview":"max-image-preview:large","max-video-preview":"max-video-preview:-1"},"canonical":"https:\/\/doreytiles.pt\/pt-pt\/product\/azulejos-par-de-paineis-com-atlantes-sec-xviii\/","og_locale":"pt_PT","og_type":"article","og_title":"Par de Pain\u00e9is com Cari\u00e1tides - s\u00e9c. XVIII - D&#039;orey Tiles","og_description":"Title: Pair of Azulejos Panels with Atlantes - 18th Century This exceptional pair of panels showcases rare Portuguese tiles produced in Lisbon during the early 18th century. Each tile is intricately designed, featuring the mythological figures of Atlantes, which exemplify the artistic craftsmanship of the period. These tiles are not only significant for their aesthetic appeal but also for their historical value, representing a pivotal moment in Portuguese ceramic art. Their preservation offers insight into the cultural and artistic heritage of early 18th-century Portugal.","og_url":"https:\/\/doreytiles.pt\/pt-pt\/product\/azulejos-par-de-paineis-com-atlantes-sec-xviii\/","og_site_name":"D&#039;orey Tiles","article_publisher":"https:\/\/www.facebook.com\/doreyazulejos","article_modified_time":"2026-04-10T14:07:34+00:00","og_image":[{"width":2560,"height":2560,"url":"https:\/\/doreytiles.pt\/wp-content\/uploads\/2026\/04\/IMG_0510-scaled.jpg","type":"image\/jpeg"}],"twitter_card":"summary_large_image","schema":{"@context":"https:\/\/schema.org","@graph":[{"@type":"WebPage","@id":"https:\/\/doreytiles.pt\/pt-pt\/product\/azulejos-par-de-paineis-com-atlantes-sec-xviii\/","url":"https:\/\/doreytiles.pt\/pt-pt\/product\/azulejos-par-de-paineis-com-atlantes-sec-xviii\/","name":"Par de Pain\u00e9is com Cari\u00e1tides - s\u00e9c. XVIII - D&#039;orey Tiles","isPartOf":{"@id":"https:\/\/doreytiles.pt\/#website"},"primaryImageOfPage":{"@id":"https:\/\/doreytiles.pt\/pt-pt\/product\/azulejos-par-de-paineis-com-atlantes-sec-xviii\/#primaryimage"},"image":{"@id":"https:\/\/doreytiles.pt\/pt-pt\/product\/azulejos-par-de-paineis-com-atlantes-sec-xviii\/#primaryimage"},"thumbnailUrl":"https:\/\/doreytiles.pt\/wp-content\/uploads\/2026\/04\/IMG_0510-scaled.jpg","datePublished":"2026-04-10T11:02:52+00:00","dateModified":"2026-04-10T14:07:34+00:00","breadcrumb":{"@id":"https:\/\/doreytiles.pt\/pt-pt\/product\/azulejos-par-de-paineis-com-atlantes-sec-xviii\/#breadcrumb"},"inLanguage":"pt-PT","potentialAction":[{"@type":"ReadAction","target":["https:\/\/doreytiles.pt\/pt-pt\/product\/azulejos-par-de-paineis-com-atlantes-sec-xviii\/"]}]},{"@type":"ImageObject","inLanguage":"pt-PT","@id":"https:\/\/doreytiles.pt\/pt-pt\/product\/azulejos-par-de-paineis-com-atlantes-sec-xviii\/#primaryimage","url":"https:\/\/doreytiles.pt\/wp-content\/uploads\/2026\/04\/IMG_0510-scaled.jpg","contentUrl":"https:\/\/doreytiles.pt\/wp-content\/uploads\/2026\/04\/IMG_0510-scaled.jpg","width":2560,"height":2560},{"@type":"BreadcrumbList","@id":"https:\/\/doreytiles.pt\/pt-pt\/product\/azulejos-par-de-paineis-com-atlantes-sec-xviii\/#breadcrumb","itemListElement":[{"@type":"ListItem","position":1,"name":"In\u00edcio","item":"https:\/\/doreytiles.pt\/pt-pt\/"},{"@type":"ListItem","position":2,"name":"Par de Pain\u00e9is com Cari\u00e1tides &#8211; s\u00e9c. XVIII"}]},{"@type":"WebSite","@id":"https:\/\/doreytiles.pt\/#website","url":"https:\/\/doreytiles.pt\/","name":"D'orey Tiles","description":"Each piece, a story, each pattern, a tradition.","publisher":{"@id":"https:\/\/doreytiles.pt\/#organization"},"potentialAction":[{"@type":"SearchAction","target":{"@type":"EntryPoint","urlTemplate":"https:\/\/doreytiles.pt\/?s={search_term_string}"},"query-input":{"@type":"PropertyValueSpecification","valueRequired":true,"valueName":"search_term_string"}}],"inLanguage":"pt-PT"},{"@type":"Organization","@id":"https:\/\/doreytiles.pt\/#organization","name":"D'orey Tiles","url":"https:\/\/doreytiles.pt\/","logo":{"@type":"ImageObject","inLanguage":"pt-PT","@id":"https:\/\/doreytiles.pt\/#\/schema\/logo\/image\/","url":"https:\/\/doreytiles.pt\/wp-content\/uploads\/2026\/04\/logo-dorey.jpg","contentUrl":"https:\/\/doreytiles.pt\/wp-content\/uploads\/2026\/04\/logo-dorey.jpg","width":1521,"height":961,"caption":"D'orey Tiles"},"image":{"@id":"https:\/\/doreytiles.pt\/#\/schema\/logo\/image\/"},"sameAs":["https:\/\/www.facebook.com\/doreyazulejos","https:\/\/instagram.com\/doreytiles"]}]}},"_links":{"self":[{"href":"https:\/\/doreytiles.pt\/pt-pt\/wp-json\/wp\/v2\/product\/15783","targetHints":{"allow":["GET"]}}],"collection":[{"href":"https:\/\/doreytiles.pt\/pt-pt\/wp-json\/wp\/v2\/product"}],"about":[{"href":"https:\/\/doreytiles.pt\/pt-pt\/wp-json\/wp\/v2\/types\/product"}],"wp:featuredmedia":[{"embeddable":true,"href":"https:\/\/doreytiles.pt\/pt-pt\/wp-json\/wp\/v2\/media\/15784"}],"wp:attachment":[{"href":"https:\/\/doreytiles.pt\/pt-pt\/wp-json\/wp\/v2\/media?parent=15783"}],"wp:term":[{"taxonomy":"product_brand","embeddable":true,"href":"https:\/\/doreytiles.pt\/pt-pt\/wp-json\/wp\/v2\/product_brand?post=15783"},{"taxonomy":"product_cat","embeddable":true,"href":"https:\/\/doreytiles.pt\/pt-pt\/wp-json\/wp\/v2\/product_cat?post=15783"},{"taxonomy":"product_tag","embeddable":true,"href":"https:\/\/doreytiles.pt\/pt-pt\/wp-json\/wp\/v2\/product_tag?post=15783"}],"curies":[{"name":"wp","href":"https:\/\/api.w.org\/{rel}","templated":true}]}}