{"id":1583,"date":"2025-06-08T19:44:26","date_gmt":"2025-06-08T19:44:26","guid":{"rendered":"https:\/\/doreytiles.pt\/?post_type=product&#038;p=1583"},"modified":"2025-07-03T13:58:03","modified_gmt":"2025-07-03T13:58:03","slug":"par-de-querubins","status":"publish","type":"product","link":"https:\/\/doreytiles.pt\/pt-pt\/product\/par-de-querubins\/","title":{"rendered":"Par de Querubins com Ramos Florais, S\u00e9c. XVIII"},"content":{"rendered":"<p>\u00c9poca: S\u00e9c XVIII<\/p>\n<pre><\/pre>\n<p>Dimens\u00f5es: 70 cm x 112 cm<\/p>\n<pre><\/pre>\n<p>Par de pain\u00e9is de azulejos portugueses do s\u00e9culo XVIII, pintados em azul sobre branco, representando querubins, em pose cl\u00e1ssica, sustentando grandes ramos florais. Cada figura surge centrada num enquadramento de cercadura da \u00e9poca com volutas e folhagens, t\u00edpico da azulejaria barroca.<\/p>\n<pre><\/pre>\n<p>Pe\u00e7as \u00fanicas<\/p>\n","protected":false},"excerpt":{"rendered":"<p>\u00c9poca: S\u00e9c XVIII Dimens\u00f5es: 70 cm x 112 cm Par de pain\u00e9is de azulejos portugueses do s\u00e9culo XVIII, pintados em azul sobre branco, representando querubins, em pose cl\u00e1ssica, sustentando grandes ramos florais. Cada figura surge centrada num enquadramento de cercadura da \u00e9poca com volutas e folhagens, t\u00edpico da azulejaria barroca. Pe\u00e7as \u00fanicas<\/p>\n","protected":false},"featured_media":3441,"template":"","meta":{"_acf_changed":false},"product_brand":[],"product_cat":[41,33,47],"product_tag":[38],"class_list":{"0":"post-1583","1":"product","2":"type-product","3":"status-publish","4":"has-post-thumbnail","6":"product_cat-41","7":"product_cat-azul-e-branco","8":"product_cat-xviii","9":"product_tag-paineis-figurativos","11":"first","12":"instock","13":"shipping-taxable","14":"product-type-simple"},"acf":[],"_links":{"self":[{"href":"https:\/\/doreytiles.pt\/pt-pt\/wp-json\/wp\/v2\/product\/1583","targetHints":{"allow":["GET"]}}],"collection":[{"href":"https:\/\/doreytiles.pt\/pt-pt\/wp-json\/wp\/v2\/product"}],"about":[{"href":"https:\/\/doreytiles.pt\/pt-pt\/wp-json\/wp\/v2\/types\/product"}],"wp:featuredmedia":[{"embeddable":true,"href":"https:\/\/doreytiles.pt\/pt-pt\/wp-json\/wp\/v2\/media\/3441"}],"wp:attachment":[{"href":"https:\/\/doreytiles.pt\/pt-pt\/wp-json\/wp\/v2\/media?parent=1583"}],"wp:term":[{"taxonomy":"product_brand","embeddable":true,"href":"https:\/\/doreytiles.pt\/pt-pt\/wp-json\/wp\/v2\/product_brand?post=1583"},{"taxonomy":"product_cat","embeddable":true,"href":"https:\/\/doreytiles.pt\/pt-pt\/wp-json\/wp\/v2\/product_cat?post=1583"},{"taxonomy":"product_tag","embeddable":true,"href":"https:\/\/doreytiles.pt\/pt-pt\/wp-json\/wp\/v2\/product_tag?post=1583"}],"curies":[{"name":"wp","href":"https:\/\/api.w.org\/{rel}","templated":true}]}}