{"id":15836,"date":"2026-04-17T13:08:20","date_gmt":"2026-04-17T13:08:20","guid":{"rendered":"https:\/\/doreytiles.pt\/?post_type=product&#038;p=15836"},"modified":"2026-04-17T15:50:53","modified_gmt":"2026-04-17T15:50:53","slug":"composicao-de-azulejos-fortuna-oficios-sec-xix","status":"publish","type":"product","link":"https:\/\/doreytiles.pt\/pt-pt\/product\/composicao-de-azulejos-fortuna-oficios-sec-xix\/","title":{"rendered":"Composi\u00e7\u00e3o de azulejos &#8220;Fortuna, Oficios&#8221; &#8211; s\u00e9c. XX"},"content":{"rendered":"<p>Per\u00edodo: s\u00e9c. XX<\/p>\n<pre><\/pre>\n<p>Dimens\u00f5es: 22 x 112cm<\/p>\n<pre><\/pre>\n<p>Composi\u00e7\u00e3o de azulejos em azul e branco com assinatura &#8220;Fortuna, Oficios&#8221;.<\/p>\n","protected":false},"excerpt":{"rendered":"<p>Per\u00edodo: s\u00e9c. XX Dimens\u00f5es: 22 x 112cm Composi\u00e7\u00e3o de azulejos em azul e branco com assinatura &#8220;Fortuna, Oficios&#8221;.<\/p>\n","protected":false},"featured_media":15424,"template":"","meta":{"_acf_changed":false},"product_brand":[],"product_cat":[33,43,50],"product_tag":[38],"class_list":{"0":"post-15836","1":"product","2":"type-product","3":"status-publish","4":"has-post-thumbnail","6":"product_cat-azul-e-branco","7":"product_cat-0-50","8":"product_cat-xx","9":"product_tag-paineis-figurativos","11":"first","12":"instock","13":"shipping-taxable","14":"product-type-simple"},"acf":[],"_links":{"self":[{"href":"https:\/\/doreytiles.pt\/pt-pt\/wp-json\/wp\/v2\/product\/15836","targetHints":{"allow":["GET"]}}],"collection":[{"href":"https:\/\/doreytiles.pt\/pt-pt\/wp-json\/wp\/v2\/product"}],"about":[{"href":"https:\/\/doreytiles.pt\/pt-pt\/wp-json\/wp\/v2\/types\/product"}],"wp:featuredmedia":[{"embeddable":true,"href":"https:\/\/doreytiles.pt\/pt-pt\/wp-json\/wp\/v2\/media\/15424"}],"wp:attachment":[{"href":"https:\/\/doreytiles.pt\/pt-pt\/wp-json\/wp\/v2\/media?parent=15836"}],"wp:term":[{"taxonomy":"product_brand","embeddable":true,"href":"https:\/\/doreytiles.pt\/pt-pt\/wp-json\/wp\/v2\/product_brand?post=15836"},{"taxonomy":"product_cat","embeddable":true,"href":"https:\/\/doreytiles.pt\/pt-pt\/wp-json\/wp\/v2\/product_cat?post=15836"},{"taxonomy":"product_tag","embeddable":true,"href":"https:\/\/doreytiles.pt\/pt-pt\/wp-json\/wp\/v2\/product_tag?post=15836"}],"curies":[{"name":"wp","href":"https:\/\/api.w.org\/{rel}","templated":true}]}}