{"id":15837,"date":"2026-04-17T13:14:08","date_gmt":"2026-04-17T13:14:08","guid":{"rendered":"https:\/\/doreytiles.pt\/?post_type=product&#038;p=15837"},"modified":"2026-04-17T15:50:22","modified_gmt":"2026-04-17T15:50:22","slug":"cabeca-masculina-em-pedra-sec-xix-xx","status":"publish","type":"product","link":"https:\/\/doreytiles.pt\/pt-pt\/product\/cabeca-masculina-em-pedra-sec-xix-xx\/","title":{"rendered":"Cabe\u00e7a masculina em pedra &#8211; s\u00e9c. XIX\/XX"},"content":{"rendered":"<p>Periodo: S\u00e9c. XIX\/XX<\/p>\n<pre><\/pre>\n<p>Dimens\u00f5es: cerca de 30 cm<\/p>\n<pre><\/pre>\n<p>Cabe\u00e7a masculina esculpida em pedra, datada dos s\u00e9culos XIX\/XX, de fei\u00e7\u00e3o cl\u00e1ssica e express\u00e3o serena.<\/p>\n","protected":false},"excerpt":{"rendered":"<p>Periodo: S\u00e9c. XIX\/XX Dimens\u00f5es: cerca de 30 cm Cabe\u00e7a masculina esculpida em pedra, datada dos s\u00e9culos XIX\/XX, de fei\u00e7\u00e3o cl\u00e1ssica e express\u00e3o serena.<\/p>\n","protected":false},"featured_media":15308,"template":"","meta":{"_acf_changed":false},"product_brand":[],"product_cat":[50,44],"product_tag":[58,60],"class_list":{"0":"post-15837","1":"product","2":"type-product","3":"status-publish","4":"has-post-thumbnail","6":"product_cat-xx","7":"product_cat-44","8":"product_tag-pecas-de-colecao","9":"product_tag-pedras","11":"first","12":"instock","13":"shipping-taxable","14":"product-type-simple"},"acf":[],"_links":{"self":[{"href":"https:\/\/doreytiles.pt\/pt-pt\/wp-json\/wp\/v2\/product\/15837","targetHints":{"allow":["GET"]}}],"collection":[{"href":"https:\/\/doreytiles.pt\/pt-pt\/wp-json\/wp\/v2\/product"}],"about":[{"href":"https:\/\/doreytiles.pt\/pt-pt\/wp-json\/wp\/v2\/types\/product"}],"wp:featuredmedia":[{"embeddable":true,"href":"https:\/\/doreytiles.pt\/pt-pt\/wp-json\/wp\/v2\/media\/15308"}],"wp:attachment":[{"href":"https:\/\/doreytiles.pt\/pt-pt\/wp-json\/wp\/v2\/media?parent=15837"}],"wp:term":[{"taxonomy":"product_brand","embeddable":true,"href":"https:\/\/doreytiles.pt\/pt-pt\/wp-json\/wp\/v2\/product_brand?post=15837"},{"taxonomy":"product_cat","embeddable":true,"href":"https:\/\/doreytiles.pt\/pt-pt\/wp-json\/wp\/v2\/product_cat?post=15837"},{"taxonomy":"product_tag","embeddable":true,"href":"https:\/\/doreytiles.pt\/pt-pt\/wp-json\/wp\/v2\/product_tag?post=15837"}],"curies":[{"name":"wp","href":"https:\/\/api.w.org\/{rel}","templated":true}]}}