{"id":1584,"date":"2025-06-08T19:46:50","date_gmt":"2025-06-08T19:46:50","guid":{"rendered":"https:\/\/doreytiles.pt\/?post_type=product&#038;p=1584"},"modified":"2025-07-02T14:42:24","modified_gmt":"2025-07-02T14:42:24","slug":"bordalo-pinheiro","status":"publish","type":"product","link":"https:\/\/doreytiles.pt\/pt-pt\/product\/bordalo-pinheiro\/","title":{"rendered":"Azulejos Padr\u00e3o Estrela, Bordalo Pinheiro"},"content":{"rendered":"<p>\u00c9poca: Final S\u00e9c. XIX in\u00edcio S\u00e9c. XX<span style=\"font-weight: 400;\">\u00a0<\/span><\/p>\n<pre><\/pre>\n<p>Dimens\u00f5es: 56 cm x 42 cm<span style=\"font-weight: 400;\"> ( poder\u00e3o ser feitas composi\u00e7\u00f5es com outras dimens\u00f5es)\u00a0<\/span><\/p>\n<pre><\/pre>\n<p><span style=\"font-weight: 400;\">Azulejo com decora\u00e7\u00e3o relevado de inspira\u00e7\u00e3o hispano mourisca. O padr\u00e3o forma uma estrela de oito pontas que guardam no interior pequenos c\u00edrculos de bordos estrelados. Este mesmo elemento repete-se no exterior da estrela alternando com pequenos losangos.\u00a0 Produzidos na f\u00e1brica de Cer\u00e2mica Caldas da Rainha, Bordalo Pinheiro.<\/span><\/p>\n","protected":false},"excerpt":{"rendered":"<p>\u00c9poca: Final S\u00e9c. XIX in\u00edcio S\u00e9c. XX\u00a0 Dimens\u00f5es: 56 cm x 42 cm ( poder\u00e3o ser feitas composi\u00e7\u00f5es com outras dimens\u00f5es)\u00a0 Azulejo com decora\u00e7\u00e3o relevado de inspira\u00e7\u00e3o hispano mourisca. O padr\u00e3o forma uma estrela de oito pontas que guardam no interior pequenos c\u00edrculos de bordos estrelados. Este mesmo elemento repete-se no exterior da estrela alternando [&hellip;]<\/p>\n","protected":false},"featured_media":3439,"template":"","meta":{"_acf_changed":false},"product_brand":[],"product_cat":[45,35,33,17,50],"product_tag":[57],"class_list":{"0":"post-1584","1":"product","2":"type-product","3":"status-publish","4":"has-post-thumbnail","6":"product_cat-45","7":"product_cat-amarelos","8":"product_cat-azul-e-branco","9":"product_cat-uncategorized","10":"product_cat-xx","11":"product_tag-caldas-da-rainha","13":"first","14":"instock","15":"shipping-taxable","16":"product-type-simple"},"acf":[],"_links":{"self":[{"href":"https:\/\/doreytiles.pt\/pt-pt\/wp-json\/wp\/v2\/product\/1584","targetHints":{"allow":["GET"]}}],"collection":[{"href":"https:\/\/doreytiles.pt\/pt-pt\/wp-json\/wp\/v2\/product"}],"about":[{"href":"https:\/\/doreytiles.pt\/pt-pt\/wp-json\/wp\/v2\/types\/product"}],"wp:featuredmedia":[{"embeddable":true,"href":"https:\/\/doreytiles.pt\/pt-pt\/wp-json\/wp\/v2\/media\/3439"}],"wp:attachment":[{"href":"https:\/\/doreytiles.pt\/pt-pt\/wp-json\/wp\/v2\/media?parent=1584"}],"wp:term":[{"taxonomy":"product_brand","embeddable":true,"href":"https:\/\/doreytiles.pt\/pt-pt\/wp-json\/wp\/v2\/product_brand?post=1584"},{"taxonomy":"product_cat","embeddable":true,"href":"https:\/\/doreytiles.pt\/pt-pt\/wp-json\/wp\/v2\/product_cat?post=1584"},{"taxonomy":"product_tag","embeddable":true,"href":"https:\/\/doreytiles.pt\/pt-pt\/wp-json\/wp\/v2\/product_tag?post=1584"}],"curies":[{"name":"wp","href":"https:\/\/api.w.org\/{rel}","templated":true}]}}