{"id":15886,"date":"2026-04-24T13:48:40","date_gmt":"2026-04-24T13:48:40","guid":{"rendered":"https:\/\/doreytiles.pt\/?post_type=product&#038;p=15886"},"modified":"2026-04-24T17:17:11","modified_gmt":"2026-04-24T17:17:11","slug":"painel-neoclassico-cena-ribeirinha-sec-xviii","status":"publish","type":"product","link":"https:\/\/doreytiles.pt\/pt-pt\/product\/painel-neoclassico-cena-ribeirinha-sec-xviii\/","title":{"rendered":"Painel neocl\u00e1ssico cena ribeirinha &#8211; s\u00e9c. XVIII"},"content":{"rendered":"<p>Per\u00edodo: s\u00e9c. XVIII<\/p>\n<pre><\/pre>\n<p>Dimens\u00f5es: 84 x 161 cm<\/p>\n<pre><\/pre>\n<p>Painel de azulejos neocl\u00e1ssico portugu\u00eas do s\u00e9culo XVIII com a representa\u00e7\u00e3o de figuras humanas em conv\u00edvio em um ambiente natural.<\/p>\n","protected":false},"excerpt":{"rendered":"<p>Per\u00edodo: s\u00e9c. XVIII Dimens\u00f5es: 84 x 161 cm Painel de azulejos neocl\u00e1ssico portugu\u00eas do s\u00e9culo XVIII com a representa\u00e7\u00e3o de figuras humanas em conv\u00edvio em um ambiente natural.<\/p>\n","protected":false},"featured_media":15476,"template":"","meta":{"_acf_changed":false},"product_brand":[],"product_cat":[33,41,35,34,47],"product_tag":[38],"class_list":{"0":"post-15886","1":"product","2":"type-product","3":"status-publish","4":"has-post-thumbnail","6":"product_cat-azul-e-branco","7":"product_cat-41","8":"product_cat-amarelos","9":"product_cat-manganes","10":"product_cat-xviii","11":"product_tag-paineis-figurativos","13":"first","14":"instock","15":"shipping-taxable","16":"product-type-simple"},"acf":[],"_links":{"self":[{"href":"https:\/\/doreytiles.pt\/pt-pt\/wp-json\/wp\/v2\/product\/15886","targetHints":{"allow":["GET"]}}],"collection":[{"href":"https:\/\/doreytiles.pt\/pt-pt\/wp-json\/wp\/v2\/product"}],"about":[{"href":"https:\/\/doreytiles.pt\/pt-pt\/wp-json\/wp\/v2\/types\/product"}],"wp:featuredmedia":[{"embeddable":true,"href":"https:\/\/doreytiles.pt\/pt-pt\/wp-json\/wp\/v2\/media\/15476"}],"wp:attachment":[{"href":"https:\/\/doreytiles.pt\/pt-pt\/wp-json\/wp\/v2\/media?parent=15886"}],"wp:term":[{"taxonomy":"product_brand","embeddable":true,"href":"https:\/\/doreytiles.pt\/pt-pt\/wp-json\/wp\/v2\/product_brand?post=15886"},{"taxonomy":"product_cat","embeddable":true,"href":"https:\/\/doreytiles.pt\/pt-pt\/wp-json\/wp\/v2\/product_cat?post=15886"},{"taxonomy":"product_tag","embeddable":true,"href":"https:\/\/doreytiles.pt\/pt-pt\/wp-json\/wp\/v2\/product_tag?post=15886"}],"curies":[{"name":"wp","href":"https:\/\/api.w.org\/{rel}","templated":true}]}}