{"id":15887,"date":"2026-04-24T13:55:39","date_gmt":"2026-04-24T13:55:39","guid":{"rendered":"https:\/\/doreytiles.pt\/?post_type=product&#038;p=15887"},"modified":"2026-04-24T17:16:22","modified_gmt":"2026-04-24T17:16:22","slug":"composicao-patchwork-sec-xviii","status":"publish","type":"product","link":"https:\/\/doreytiles.pt\/pt-pt\/product\/composicao-patchwork-sec-xviii\/","title":{"rendered":"Composi\u00e7\u00e3o Patchwork &#8211; s\u00e9c. XVIII"},"content":{"rendered":"<p>Per\u00edodo: s\u00e9c. XVIII<\/p>\n<pre><\/pre>\n<p>Dimens\u00f5es: 56 x 56 cm<\/p>\n<pre><\/pre>\n<p>Composi\u00e7\u00e3o de azulejos patchwork, originais de parte de paineis figurativos, enquadrados em cercadura geom\u00e9trica.<\/p>\n","protected":false},"excerpt":{"rendered":"<p>Per\u00edodo: s\u00e9c. XVIII Dimens\u00f5es: 56 x 56 cm Composi\u00e7\u00e3o de azulejos patchwork, originais de parte de paineis figurativos, enquadrados em cercadura geom\u00e9trica.<\/p>\n","protected":false},"featured_media":15890,"template":"","meta":{"_acf_changed":false},"product_brand":[],"product_cat":[33,41,47],"product_tag":[38,54],"class_list":{"0":"post-15887","1":"product","2":"type-product","3":"status-publish","4":"has-post-thumbnail","6":"product_cat-azul-e-branco","7":"product_cat-41","8":"product_cat-xviii","9":"product_tag-paineis-figurativos","10":"product_tag-patchwork","12":"first","13":"instock","14":"shipping-taxable","15":"product-type-simple"},"acf":[],"_links":{"self":[{"href":"https:\/\/doreytiles.pt\/pt-pt\/wp-json\/wp\/v2\/product\/15887","targetHints":{"allow":["GET"]}}],"collection":[{"href":"https:\/\/doreytiles.pt\/pt-pt\/wp-json\/wp\/v2\/product"}],"about":[{"href":"https:\/\/doreytiles.pt\/pt-pt\/wp-json\/wp\/v2\/types\/product"}],"wp:featuredmedia":[{"embeddable":true,"href":"https:\/\/doreytiles.pt\/pt-pt\/wp-json\/wp\/v2\/media\/15890"}],"wp:attachment":[{"href":"https:\/\/doreytiles.pt\/pt-pt\/wp-json\/wp\/v2\/media?parent=15887"}],"wp:term":[{"taxonomy":"product_brand","embeddable":true,"href":"https:\/\/doreytiles.pt\/pt-pt\/wp-json\/wp\/v2\/product_brand?post=15887"},{"taxonomy":"product_cat","embeddable":true,"href":"https:\/\/doreytiles.pt\/pt-pt\/wp-json\/wp\/v2\/product_cat?post=15887"},{"taxonomy":"product_tag","embeddable":true,"href":"https:\/\/doreytiles.pt\/pt-pt\/wp-json\/wp\/v2\/product_tag?post=15887"}],"curies":[{"name":"wp","href":"https:\/\/api.w.org\/{rel}","templated":true}]}}