{"id":15892,"date":"2026-04-24T16:10:08","date_gmt":"2026-04-24T16:10:08","guid":{"rendered":"https:\/\/doreytiles.pt\/?post_type=product&#038;p=15892"},"modified":"2026-04-24T17:15:34","modified_gmt":"2026-04-24T17:15:34","slug":"prato-lebrillo-triana-sec-xix","status":"publish","type":"product","link":"https:\/\/doreytiles.pt\/pt-pt\/product\/prato-lebrillo-triana-sec-xix\/","title":{"rendered":"Prato Lebrillo, Triana &#8211; s\u00e9c. XIX"},"content":{"rendered":"<p>Per\u00edodo: s\u00e9c. XIX<\/p>\n<pre><\/pre>\n<p>Dimens\u00f5es:<\/p>\n<pre><\/pre>\n<p>Prato Lebrillo produzido em Triana no s\u00e9culo XIX com a ilustra\u00e7\u00e3o de um cavalo.<\/p>\n","protected":false},"excerpt":{"rendered":"<p>Per\u00edodo: s\u00e9c. XIX Dimens\u00f5es: Prato Lebrillo produzido em Triana no s\u00e9culo XIX com a ilustra\u00e7\u00e3o de um cavalo.<\/p>\n","protected":false},"featured_media":15312,"template":"","meta":{"_acf_changed":false},"product_brand":[],"product_cat":[48,42,35,33,34],"product_tag":[58],"class_list":{"0":"post-15892","1":"product","2":"type-product","3":"status-publish","4":"has-post-thumbnail","6":"product_cat-xix","7":"product_cat-42","8":"product_cat-amarelos","9":"product_cat-azul-e-branco","10":"product_cat-manganes","11":"product_tag-pecas-de-colecao","13":"first","14":"instock","15":"shipping-taxable","16":"product-type-simple"},"acf":[],"_links":{"self":[{"href":"https:\/\/doreytiles.pt\/pt-pt\/wp-json\/wp\/v2\/product\/15892","targetHints":{"allow":["GET"]}}],"collection":[{"href":"https:\/\/doreytiles.pt\/pt-pt\/wp-json\/wp\/v2\/product"}],"about":[{"href":"https:\/\/doreytiles.pt\/pt-pt\/wp-json\/wp\/v2\/types\/product"}],"wp:featuredmedia":[{"embeddable":true,"href":"https:\/\/doreytiles.pt\/pt-pt\/wp-json\/wp\/v2\/media\/15312"}],"wp:attachment":[{"href":"https:\/\/doreytiles.pt\/pt-pt\/wp-json\/wp\/v2\/media?parent=15892"}],"wp:term":[{"taxonomy":"product_brand","embeddable":true,"href":"https:\/\/doreytiles.pt\/pt-pt\/wp-json\/wp\/v2\/product_brand?post=15892"},{"taxonomy":"product_cat","embeddable":true,"href":"https:\/\/doreytiles.pt\/pt-pt\/wp-json\/wp\/v2\/product_cat?post=15892"},{"taxonomy":"product_tag","embeddable":true,"href":"https:\/\/doreytiles.pt\/pt-pt\/wp-json\/wp\/v2\/product_tag?post=15892"}],"curies":[{"name":"wp","href":"https:\/\/api.w.org\/{rel}","templated":true}]}}